{"id":2220,"date":"2024-12-17T10:36:03","date_gmt":"2024-12-17T09:36:03","guid":{"rendered":"https:\/\/granhotelcostadelsol.com\/extras\/"},"modified":"2024-12-17T17:21:18","modified_gmt":"2024-12-17T16:21:18","slug":"extras","status":"publish","type":"page","link":"https:\/\/granhotelcostadelsol.com\/fr\/extras\/","title":{"rendered":"Extras"},"content":{"rendered":"\n<div class=\"wp-block-group is-style-section-container is-layout-constrained wp-block-group-is-layout-constrained\">\n<h2 class=\"wp-block-heading has-text-align-center is-style-heading-4 has-gh-dark-blue-color has-text-color has-link-color wp-elements-c033f0f91475775cb2072eb939bfcec7\">Faites de vos vacances un moment unique<\/h2>\n\n\n\n<p><strong>Au <a href=\"https:\/\/granhotelcostadelsol.com\/fr\/\">Gran Hotel Costa del Sol,<\/a> nous voulons que vos vacances soient parfaites<\/strong>. C&rsquo;est pourquoi nous vous sugg\u00e9rons d&rsquo;<strong> ajouter \u00e0 votre r\u00e9servation nos extras <\/strong>dont vous pourrez profiter pendant votre s\u00e9jour chez nous. Si vous venez avec des enfants, notre <strong>pack enfant<\/strong> est id\u00e9al. Et si vous souhaitez f\u00eater votre anniversaire ou faire une surprise \u00e0 quelqu&rsquo;un d&rsquo;autre, n&rsquo;h\u00e9sitez pas \u00e0 r\u00e9server le <strong>pack anniversaire<\/strong> pour rendre ce jour tr\u00e8s sp\u00e9cial. Nous vous proposons \u00e9galement une<strong> bouteille de vin, une bouteille de cava, un pack de friandises<\/strong> pour adoucir vos journ\u00e9es et bien plus encore.<\/p>\n<\/div>\n\n\n\n<div class=\"wp-block-group is-style-section-container is-layout-constrained wp-block-group-is-layout-constrained\">\n<div class=\"wp-block-columns is-layout-flex wp-container-core-columns-is-layout-9d6595d7 wp-block-columns-is-layout-flex\">\n<div class=\"wp-block-column is-vertically-aligned-center is-layout-flow wp-block-column-is-layout-flow\">\n<h3 class=\"wp-block-heading is-style-heading-6\">Pour les r\u00e9server, vous pouvez<\/h3>\n\n\n\n<div class=\"wp-block-uagb-icon-list uagb-block-dc562a79\"><div class=\"uagb-icon-list__wrap\">\n<div class=\"wp-block-uagb-icon-list-child uagb-block-822e20ca\"><a target=\"_blank\" aria-label=\"En tu proceso de reserva\" rel=\"noopener noreferrer\" href=\"https:\/\/booking.profitroom.com\/es\/granhotelcostadelsol\/home?currency=EUR&amp;no-cache=1\"> <\/a><span class=\"uagb-icon-list__source-wrap\"><svg xmlns=\"https:\/\/www.w3.org\/2000\/svg\" viewBox=\"0 0 512 512\"><path d=\"M352 256C352 278.2 350.8 299.6 348.7 320H163.3C161.2 299.6 159.1 278.2 159.1 256C159.1 233.8 161.2 212.4 163.3 192H348.7C350.8 212.4 352 233.8 352 256zM503.9 192C509.2 212.5 512 233.9 512 256C512 278.1 509.2 299.5 503.9 320H380.8C382.9 299.4 384 277.1 384 256C384 234 382.9 212.6 380.8 192H503.9zM493.4 160H376.7C366.7 96.14 346.9 42.62 321.4 8.442C399.8 29.09 463.4 85.94 493.4 160zM344.3 160H167.7C173.8 123.6 183.2 91.38 194.7 65.35C205.2 41.74 216.9 24.61 228.2 13.81C239.4 3.178 248.7 0 256 0C263.3 0 272.6 3.178 283.8 13.81C295.1 24.61 306.8 41.74 317.3 65.35C328.8 91.38 338.2 123.6 344.3 160H344.3zM18.61 160C48.59 85.94 112.2 29.09 190.6 8.442C165.1 42.62 145.3 96.14 135.3 160H18.61zM131.2 192C129.1 212.6 127.1 234 127.1 256C127.1 277.1 129.1 299.4 131.2 320H8.065C2.8 299.5 0 278.1 0 256C0 233.9 2.8 212.5 8.065 192H131.2zM194.7 446.6C183.2 420.6 173.8 388.4 167.7 352H344.3C338.2 388.4 328.8 420.6 317.3 446.6C306.8 470.3 295.1 487.4 283.8 498.2C272.6 508.8 263.3 512 255.1 512C248.7 512 239.4 508.8 228.2 498.2C216.9 487.4 205.2 470.3 194.7 446.6H194.7zM190.6 503.6C112.2 482.9 48.59 426.1 18.61 352H135.3C145.3 415.9 165.1 469.4 190.6 503.6V503.6zM321.4 503.6C346.9 469.4 366.7 415.9 376.7 352H493.4C463.4 426.1 399.8 482.9 321.4 503.6V503.6z\"><\/path><\/svg><\/span><span class=\"uagb-icon-list__label\">En tu proceso de reserva<\/span><\/div>\n\n\n\n<div class=\"wp-block-uagb-icon-list-child uagb-block-248ea8e4\"><a target=\"_blank\" aria-label=\"reservas@granhotelcostadelsol.com\" rel=\"noopener noreferrer\" href=\"mailto:reservas@granhotelcostadelsol.com\"> <\/a><span class=\"uagb-icon-list__source-wrap\"><svg xmlns=\"https:\/\/www.w3.org\/2000\/svg\" viewBox=\"0 0 512 512\"><path d=\"M464 64C490.5 64 512 85.49 512 112C512 127.1 504.9 141.3 492.8 150.4L275.2 313.6C263.8 322.1 248.2 322.1 236.8 313.6L19.2 150.4C7.113 141.3 0 127.1 0 112C0 85.49 21.49 64 48 64H464zM217.6 339.2C240.4 356.3 271.6 356.3 294.4 339.2L512 176V384C512 419.3 483.3 448 448 448H64C28.65 448 0 419.3 0 384V176L217.6 339.2z\"><\/path><\/svg><\/span><span class=\"uagb-icon-list__label\">reservas@granhotelcostadelsol.com<\/span><\/div>\n\n\n\n<div class=\"wp-block-uagb-icon-list-child uagb-block-3f21a228\"><span class=\"uagb-icon-list__source-wrap\"><svg xmlns=\"https:\/\/www.w3.org\/2000\/svg\" viewBox=\"0 0 512 512\"><path d=\"M480 0C497.7 0 512 14.33 512 32C512 49.67 497.7 64 480 64V448C497.7 448 512 462.3 512 480C512 497.7 497.7 512 480 512H304V448H208V512H32C14.33 512 0 497.7 0 480C0 462.3 14.33 448 32 448V64C14.33 64 0 49.67 0 32C0 14.33 14.33 0 32 0H480zM112 96C103.2 96 96 103.2 96 112V144C96 152.8 103.2 160 112 160H144C152.8 160 160 152.8 160 144V112C160 103.2 152.8 96 144 96H112zM224 144C224 152.8 231.2 160 240 160H272C280.8 160 288 152.8 288 144V112C288 103.2 280.8 96 272 96H240C231.2 96 224 103.2 224 112V144zM368 96C359.2 96 352 103.2 352 112V144C352 152.8 359.2 160 368 160H400C408.8 160 416 152.8 416 144V112C416 103.2 408.8 96 400 96H368zM96 240C96 248.8 103.2 256 112 256H144C152.8 256 160 248.8 160 240V208C160 199.2 152.8 192 144 192H112C103.2 192 96 199.2 96 208V240zM240 192C231.2 192 224 199.2 224 208V240C224 248.8 231.2 256 240 256H272C280.8 256 288 248.8 288 240V208C288 199.2 280.8 192 272 192H240zM352 240C352 248.8 359.2 256 368 256H400C408.8 256 416 248.8 416 240V208C416 199.2 408.8 192 400 192H368C359.2 192 352 199.2 352 208V240zM256 288C211.2 288 173.5 318.7 162.1 360.2C159.7 373.1 170.7 384 184 384H328C341.3 384 352.3 373.1 349 360.2C338.5 318.7 300.8 288 256 288z\"><\/path><\/svg><\/span><span class=\"uagb-icon-list__label\">En recepci\u00f3n a tu llegada<\/span><\/div>\n<\/div><\/div>\n<\/div>\n\n\n\n<div class=\"wp-block-column is-layout-flow wp-block-column-is-layout-flow\">\n<div class=\"wp-block-columns is-layout-flex wp-container-core-columns-is-layout-9d6595d7 wp-block-columns-is-layout-flex\">\n<div class=\"wp-block-column is-layout-flow wp-block-column-is-layout-flow\">\n<figure class=\"wp-block-image size-large\"><img decoding=\"async\" width=\"1024\" height=\"682\" src=\"https:\/\/granhotelcostadelsol.com\/wp-content\/uploads\/2024\/12\/close-up-glass-with-red-wine-table.redimensionado-1-1024x682.webp\" alt=\"\" class=\"wp-image-2202\" style=\"aspect-ratio:4\/3;object-fit:cover\" srcset=\"https:\/\/granhotelcostadelsol.com\/wp-content\/uploads\/2024\/12\/close-up-glass-with-red-wine-table.redimensionado-1-1024x682.webp 1024w, https:\/\/granhotelcostadelsol.com\/wp-content\/uploads\/2024\/12\/close-up-glass-with-red-wine-table.redimensionado-1-300x200.webp 300w, https:\/\/granhotelcostadelsol.com\/wp-content\/uploads\/2024\/12\/close-up-glass-with-red-wine-table.redimensionado-1-768x512.webp 768w, https:\/\/granhotelcostadelsol.com\/wp-content\/uploads\/2024\/12\/close-up-glass-with-red-wine-table.redimensionado-1-1536x1023.webp 1536w, https:\/\/granhotelcostadelsol.com\/wp-content\/uploads\/2024\/12\/close-up-glass-with-red-wine-table.redimensionado-1.webp 1900w\" sizes=\"(max-width: 1024px) 100vw, 1024px\" \/><\/figure>\n\n\n\n<figure class=\"wp-block-image size-full\"><img decoding=\"async\" width=\"667\" height=\"389\" src=\"https:\/\/granhotelcostadelsol.com\/wp-content\/uploads\/2024\/12\/foto-fruta.webp\" alt=\"\" class=\"wp-image-2208\" style=\"aspect-ratio:4\/3;object-fit:cover\" srcset=\"https:\/\/granhotelcostadelsol.com\/wp-content\/uploads\/2024\/12\/foto-fruta.webp 667w, https:\/\/granhotelcostadelsol.com\/wp-content\/uploads\/2024\/12\/foto-fruta-300x175.webp 300w\" sizes=\"(max-width: 667px) 100vw, 667px\" \/><\/figure>\n<\/div>\n\n\n\n<div class=\"wp-block-column is-layout-flow wp-block-column-is-layout-flow\">\n<figure class=\"wp-block-image size-large\"><img decoding=\"async\" width=\"1024\" height=\"661\" src=\"https:\/\/granhotelcostadelsol.com\/wp-content\/uploads\/2024\/12\/cumple-infantil.redimensionado-1024x661.webp\" alt=\"\" class=\"wp-image-2205\" style=\"aspect-ratio:4\/3;object-fit:cover\" srcset=\"https:\/\/granhotelcostadelsol.com\/wp-content\/uploads\/2024\/12\/cumple-infantil.redimensionado-1024x661.webp 1024w, https:\/\/granhotelcostadelsol.com\/wp-content\/uploads\/2024\/12\/cumple-infantil.redimensionado-300x194.webp 300w, https:\/\/granhotelcostadelsol.com\/wp-content\/uploads\/2024\/12\/cumple-infantil.redimensionado-768x495.webp 768w, https:\/\/granhotelcostadelsol.com\/wp-content\/uploads\/2024\/12\/cumple-infantil.redimensionado.webp 1434w\" sizes=\"(max-width: 1024px) 100vw, 1024px\" \/><\/figure>\n\n\n\n<figure class=\"wp-block-image size-large\"><img decoding=\"async\" width=\"1024\" height=\"588\" src=\"https:\/\/granhotelcostadelsol.com\/wp-content\/uploads\/2024\/12\/cumpleanos-1024x588.webp\" alt=\"\" class=\"wp-image-2211\" style=\"aspect-ratio:4\/3;object-fit:cover\" srcset=\"https:\/\/granhotelcostadelsol.com\/wp-content\/uploads\/2024\/12\/cumpleanos-1024x588.webp 1024w, https:\/\/granhotelcostadelsol.com\/wp-content\/uploads\/2024\/12\/cumpleanos-300x172.webp 300w, https:\/\/granhotelcostadelsol.com\/wp-content\/uploads\/2024\/12\/cumpleanos-768x441.webp 768w, https:\/\/granhotelcostadelsol.com\/wp-content\/uploads\/2024\/12\/cumpleanos.webp 1140w\" sizes=\"(max-width: 1024px) 100vw, 1024px\" \/><\/figure>\n<\/div>\n<\/div>\n<\/div>\n<\/div>\n<\/div>\n\n\n\n<p><\/p>\n","protected":false},"excerpt":{"rendered":"<p>Faites de vos vacances un moment unique Au Gran Hotel Costa del Sol, nous voulons que vos vacances soient parfaites. C&rsquo;est pourquoi nous vous sugg\u00e9rons d&rsquo; ajouter \u00e0 votre r\u00e9servation nos extras dont vous pourrez profiter pendant votre s\u00e9jour chez nous. Si vous venez avec des enfants, notre pack enfant est id\u00e9al. Et si vous<a href=\"https:\/\/granhotelcostadelsol.com\/fr\/extras\/\">Continue reading <span class=\"sr-only\">\u00ab\u00a0Extras\u00a0\u00bb<\/span><\/a><\/p>\n","protected":false},"author":2,"featured_media":0,"parent":0,"menu_order":0,"comment_status":"closed","ping_status":"closed","template":"","meta":{"_acf_changed":false,"inline_featured_image":false,"_uag_custom_page_level_css":"","footnotes":""},"class_list":["post-2220","page","type-page","status-publish","hentry"],"acf":[],"uagb_featured_image_src":{"full":false,"thumbnail":false,"medium":false,"medium_large":false,"large":false,"1536x1536":false,"2048x2048":false},"uagb_author_info":{"display_name":"@nubeseo","author_link":"https:\/\/granhotelcostadelsol.com\/fr\/author\/nubeseo\/"},"uagb_comment_info":0,"uagb_excerpt":"Faites de vos vacances un moment unique Au Gran Hotel Costa del Sol, nous voulons que vos vacances soient parfaites. C&rsquo;est pourquoi nous vous sugg\u00e9rons d&rsquo; ajouter \u00e0 votre r\u00e9servation nos extras dont vous pourrez profiter pendant votre s\u00e9jour chez nous. Si vous venez avec des enfants, notre pack enfant est id\u00e9al. Et si vousContinue\u2026","_links":{"self":[{"href":"https:\/\/granhotelcostadelsol.com\/fr\/wp-json\/wp\/v2\/pages\/2220","targetHints":{"allow":["GET"]}}],"collection":[{"href":"https:\/\/granhotelcostadelsol.com\/fr\/wp-json\/wp\/v2\/pages"}],"about":[{"href":"https:\/\/granhotelcostadelsol.com\/fr\/wp-json\/wp\/v2\/types\/page"}],"author":[{"embeddable":true,"href":"https:\/\/granhotelcostadelsol.com\/fr\/wp-json\/wp\/v2\/users\/2"}],"replies":[{"embeddable":true,"href":"https:\/\/granhotelcostadelsol.com\/fr\/wp-json\/wp\/v2\/comments?post=2220"}],"version-history":[{"count":2,"href":"https:\/\/granhotelcostadelsol.com\/fr\/wp-json\/wp\/v2\/pages\/2220\/revisions"}],"predecessor-version":[{"id":2234,"href":"https:\/\/granhotelcostadelsol.com\/fr\/wp-json\/wp\/v2\/pages\/2220\/revisions\/2234"}],"wp:attachment":[{"href":"https:\/\/granhotelcostadelsol.com\/fr\/wp-json\/wp\/v2\/media?parent=2220"}],"curies":[{"name":"wp","href":"https:\/\/api.w.org\/{rel}","templated":true}]}}