{"id":1228,"date":"2024-09-27T13:58:49","date_gmt":"2024-09-27T11:58:49","guid":{"rendered":"https:\/\/granhotelcostadelsol.nubedev.es\/hotel-4-etoiles-a-mijas-costa\/"},"modified":"2024-10-01T10:57:24","modified_gmt":"2024-10-01T08:57:24","slug":"hotel-4-etoiles-a-mijas-costa","status":"publish","type":"page","link":"https:\/\/granhotelcostadelsol.com\/fr\/hotel-4-etoiles-a-mijas-costa\/","title":{"rendered":"H\u00f4tel 4 \u00e9toiles \u00e0 Mijas Costa"},"content":{"rendered":"\n<div class=\"wp-block-group alignfull is-style-section-full is-layout-constrained wp-block-group-is-layout-constrained\">\n<div class=\"wp-block-group is-style-section-container is-layout-constrained wp-block-group-is-layout-constrained\">\n<p class=\"has-text-align-center\">Situ\u00e9 au c\u0153ur de la c\u00e9l\u00e8bre Costa del Sol, notre h\u00f4tel de Mijas Costa vous offre une exp\u00e9rience unique dans un environnement privil\u00e9gi\u00e9. Cet <strong>h\u00f4tel 4 \u00e9toiles, <\/strong><a href=\"https:\/\/granhotelcostadelsol.com\/fr\/front-line-beach-hotel-a-mijas\/\"><strong>situ\u00e9 dans la magnifique Cala de Mijas<\/strong>, en bord de mer,<\/a> vous invite \u00e0 passer des vacances inoubliables dans le confort, le style et un service exceptionnel.<\/p>\n<\/div>\n<\/div>\n\n\n\n<div class=\"wp-block-group alignfull is-style-section-full is-layout-constrained wp-block-group-is-layout-constrained\">\n<div class=\"wp-block-group is-style-section-container is-layout-constrained wp-block-group-is-layout-constrained\">\n<h2 class=\"wp-block-heading has-text-align-center is-style-heading-4 has-gh-dark-blue-color has-text-color has-link-color wp-elements-21a71f856a57d64b140b9b90125b6f30\">D\u00e9couvrez le <mark style=\"background-color:rgba(0, 0, 0, 0)\" class=\"has-inline-color has-gh-yellow-color\">Gran Hotel Costa del Sol<\/mark><\/h2>\n\n\n\n<p class=\"has-text-align-center\">Au GHCS, nous sommes fiers d&rsquo;\u00eatre une r\u00e9f\u00e9rence parmi les <a href=\"https:\/\/granhotelcostadelsol.com\/fr\/hotel-4-etoiles-sur-la-costa-del-sol\/\">h\u00f4tels 4 \u00e9toiles de la Costa del Sol<\/a>. Chaque recoin de l&rsquo;h\u00f4tel a \u00e9t\u00e9 con\u00e7u pour vous offrir une exp\u00e9rience relaxante et exclusive. Profitez de nos chambres spacieuses avec vue sur la mer et laissez-vous envelopper par l&rsquo;atmosph\u00e8re paisible et accueillante que nous avons cr\u00e9\u00e9e sp\u00e9cialement pour vous. <br><span id=\"docs-internal-guid-ffc273d8-7fff-6a4c-eeba-854155a9e274\"><\/span><\/p>\n\n\n\n<div class=\"wp-block-group alignfull is-layout-constrained wp-block-group-is-layout-constrained\">\n<div style=\"height:24px\" aria-hidden=\"true\" class=\"wp-block-spacer\"><\/div>\n\n\n\n<div class=\"wp-block-buttons alignfull is-content-justification-center is-layout-flex wp-container-core-buttons-is-layout-16018d1d wp-block-buttons-is-layout-flex\">\n<div class=\"wp-block-button is-style-primary-outline booking-button\"><a class=\"wp-block-button__link wp-element-button\">R\u00c9SERVER AU GRAN HOTEL COSTA DEL SOL<\/a><\/div>\n<\/div>\n\n\n\n<div style=\"height:24px\" aria-hidden=\"true\" class=\"wp-block-spacer\"><\/div>\n<\/div>\n<\/div>\n<\/div>\n\n\n\n<div class=\"wp-block-group alignfull is-style-section-full is-layout-constrained wp-block-group-is-layout-constrained\">\n<div class=\"wp-block-uagb-slider uagb-block-01e48337 uagb-slider-container\"><div class=\"uagb-slides uagb-swiper\"><div class=\"swiper-wrapper\">\n<div class=\"wp-block-uagb-slider-child uagb-slider-child-wrap swiper-slide uagb-block-29a6a65e\"><div class=\"swiper-content\">\n<div class=\"wp-block-uagb-container uagb-block-f8b5886b alignfull uagb-is-root-container\"><div class=\"uagb-container-inner-blocks-wrap\">\n<div class=\"wp-block-uagb-image uagb-block-20dfebc6 wp-block-uagb-image--layout-default wp-block-uagb-image--effect-static wp-block-uagb-image--align-none\"><figure class=\"wp-block-uagb-image__figure\"><img decoding=\"async\" srcset=\"https:\/\/granhotelcostadelsol.com\/wp-content\/uploads\/2024\/09\/Chill-Out-1.redimensionado.jpg ,https:\/\/granhotelcostadelsol.nubedev.es\/wp-content\/uploads\/2024\/09\/Chill-Out-1.redimensionado.jpg 780w, https:\/\/granhotelcostadelsol.nubedev.es\/wp-content\/uploads\/2024\/09\/Chill-Out-1.redimensionado.jpg 360w\" sizes=\"auto, (max-width: 480px) 150px\" src=\"https:\/\/granhotelcostadelsol.com\/wp-content\/uploads\/2024\/09\/Chill-Out-1.redimensionado.jpg\" alt=\"Chill Out Gran Hotel Costa del Sol\" class=\"uag-image-586\" width=\"1024\" height=\"683\" title=\"Chill Out\" loading=\"lazy\" role=\"img\"\/><\/figure><\/div>\n<\/div><\/div>\n<\/div><\/div>\n\n\n\n<div class=\"wp-block-uagb-slider-child uagb-slider-child-wrap swiper-slide uagb-block-0a5f9926\"><div class=\"swiper-content\">\n<div class=\"wp-block-uagb-container uagb-block-75a9d83e alignfull uagb-is-root-container\"><div class=\"uagb-container-inner-blocks-wrap\">\n<div class=\"wp-block-uagb-image uagb-block-75bb35ba wp-block-uagb-image--layout-default wp-block-uagb-image--effect-static wp-block-uagb-image--align-none\"><figure class=\"wp-block-uagb-image__figure\"><img decoding=\"async\" srcset=\"https:\/\/granhotelcostadelsol.com\/wp-content\/uploads\/2024\/09\/piscina_y_playa-2-favorita.redimensionado-scaled.jpg ,https:\/\/granhotelcostadelsol.nubedev.es\/wp-content\/uploads\/2024\/09\/piscina_y_playa-2-favorita.redimensionado-scaled.jpg 780w, https:\/\/granhotelcostadelsol.nubedev.es\/wp-content\/uploads\/2024\/09\/piscina_y_playa-2-favorita.redimensionado-scaled.jpg 360w\" sizes=\"auto, (max-width: 480px) 150px\" src=\"https:\/\/granhotelcostadelsol.com\/wp-content\/uploads\/2024\/09\/piscina_y_playa-2-favorita.redimensionado-scaled.jpg\" alt=\"vistas piscina y playa Gran Hotel Costa del Sol\" class=\"uag-image-606\" width=\"1024\" height=\"683\" title=\"vistas piscina y playa\" loading=\"lazy\" role=\"img\"\/><\/figure><\/div>\n<\/div><\/div>\n<\/div><\/div>\n\n\n\n<div class=\"wp-block-uagb-slider-child uagb-slider-child-wrap swiper-slide uagb-block-e5e90000\"><div class=\"swiper-content\">\n<div class=\"wp-block-uagb-container uagb-block-3189927a alignfull uagb-is-root-container\"><div class=\"uagb-container-inner-blocks-wrap\">\n<div class=\"wp-block-uagb-image uagb-block-b2af7989 wp-block-uagb-image--layout-default wp-block-uagb-image--effect-static wp-block-uagb-image--align-none\"><figure class=\"wp-block-uagb-image__figure\"><img decoding=\"async\" srcset=\"https:\/\/granhotelcostadelsol.com\/wp-content\/uploads\/2024\/09\/Comfort-room-1.redimensionado-scaled.jpg ,https:\/\/granhotelcostadelsol.nubedev.es\/wp-content\/uploads\/2024\/09\/Comfort-room-1.redimensionado-scaled.jpg 780w, https:\/\/granhotelcostadelsol.nubedev.es\/wp-content\/uploads\/2024\/09\/Comfort-room-1.redimensionado-scaled.jpg 360w\" sizes=\"auto, (max-width: 480px) 150px\" src=\"https:\/\/granhotelcostadelsol.com\/wp-content\/uploads\/2024\/09\/Comfort-room-1.redimensionado-scaled.jpg\" alt=\"habitaci\u00f3n confort Gran Hotel Costa del Sol\" class=\"uag-image-593\" width=\"1024\" height=\"683\" title=\"habitaci\u00f3n confort\" loading=\"lazy\" role=\"img\"\/><\/figure><\/div>\n<\/div><\/div>\n<\/div><\/div>\n\n\n\n<div class=\"wp-block-uagb-slider-child uagb-slider-child-wrap swiper-slide uagb-block-9baa099d\"><div class=\"swiper-content\">\n<div class=\"wp-block-uagb-container uagb-block-901b13ac alignfull uagb-is-root-container\"><div class=\"uagb-container-inner-blocks-wrap\">\n<div class=\"wp-block-uagb-image uagb-block-86c812ab wp-block-uagb-image--layout-default wp-block-uagb-image--effect-static wp-block-uagb-image--align-none\"><figure class=\"wp-block-uagb-image__figure\"><img decoding=\"async\" srcset=\"https:\/\/granhotelcostadelsol.com\/wp-content\/uploads\/2024\/09\/piscina_y_playa-3.redimensionado-e1727865133738.jpg ,https:\/\/granhotelcostadelsol.nubedev.es\/wp-content\/uploads\/2024\/09\/piscina_y_playa-3.redimensionado.jpg 780w, https:\/\/granhotelcostadelsol.nubedev.es\/wp-content\/uploads\/2024\/09\/piscina_y_playa-3.redimensionado.jpg 360w\" sizes=\"auto, (max-width: 480px) 150px\" src=\"https:\/\/granhotelcostadelsol.com\/wp-content\/uploads\/2024\/09\/piscina_y_playa-3.redimensionado-e1727865133738.jpg\" alt=\"piscina y playa Mijas Gran Hotel Costa del Sol\" class=\"uag-image-607\" width=\"1024\" height=\"683\" title=\"piscina y playa Mijas\" loading=\"lazy\" role=\"img\"\/><\/figure><\/div>\n<\/div><\/div>\n<\/div><\/div>\n<\/div><\/div><div class=\"swiper-pagination\"><\/div><div class=\"swiper-button-prev\"><\/div><div class=\"swiper-button-next\"><\/div><\/div>\n\n\n\n<div class=\"wp-block-group is-style-section-container is-layout-constrained wp-block-group-is-layout-constrained\">\n<h2 class=\"wp-block-heading has-text-align-center is-style-heading-4 has-gh-dark-blue-color has-text-color has-link-color wp-elements-a6c9900cc9c604b06ab8f740f2dfb721\">Tout compris, <mark style=\"background-color:rgba(0, 0, 0, 0)\" class=\"has-inline-color has-gh-yellow-color\">pour un s\u00e9jour sans souci<\/mark><\/h2>\n\n\n\n<p>Avec <a href=\"https:\/\/granhotelcostadelsol.com\/fr\/hotel-tout-compris-sur-la-costa-del-sol\/\">notre service tout compris,<\/a> il ne vous reste plus qu&rsquo;\u00e0 vous d\u00e9tendre et \u00e0 profiter. Des d\u00e9licieux repas dans nos restaurants proposant le meilleur de la cuisine locale et internationale aux boissons rafra\u00eechissantes au bar, nous avons pens\u00e9 \u00e0 tout pour vous faire oublier vos soucis. En outre, vous pourrez profiter de la piscine et des activit\u00e9s quotidiennes pour tous les go\u00fbts. <br><\/p>\n<\/div>\n\n\n\n<div class=\"wp-block-group is-style-section-container is-layout-constrained wp-block-group-is-layout-constrained\">\n<h3 class=\"wp-block-heading has-text-align-center is-style-heading-5 has-gh-dark-blue-color has-text-color has-link-color wp-elements-6597788afa97a974c05f82c8f2c4d8f3\">D\u00e9couvrez la beaut\u00e9 de la Costa del Sol<\/h3>\n\n\n\n<p>Notre h\u00f4tel de Mijas Costa est le point de d\u00e9part id\u00e9al pour <a href=\"https:\/\/granhotelcostadelsol.com\/fr\/blog-sur-la-costa-del-sol\/\">d\u00e9couvrir les charmes de la Costa del Sol<\/a>. D\u00e9tendez-vous sur les plages spectaculaires des environs, faites une partie de golf sur les prestigieux parcours de la r\u00e9gion ou explorez les charmantes villes voisines telles que Marbella, Fuengirola ou Malaga. <br><\/p>\n<\/div>\n<\/div>\n\n\n\n<div class=\"wp-block-group alignfull is-layout-constrained wp-block-group-is-layout-constrained\">\n<div style=\"height:24px\" aria-hidden=\"true\" class=\"wp-block-spacer\"><\/div>\n\n\n\n<div class=\"wp-block-buttons alignfull is-content-justification-center is-layout-flex wp-container-core-buttons-is-layout-16018d1d wp-block-buttons-is-layout-flex\">\n<div class=\"wp-block-button is-style-primary-outline booking-button\"><a class=\"wp-block-button__link wp-element-button\">R\u00c9SERVER AU GRAN HOTEL COSTA DEL SOL<\/a><\/div>\n<\/div>\n\n\n\n<div style=\"height:24px\" aria-hidden=\"true\" class=\"wp-block-spacer\"><\/div>\n<\/div>\n\n\n\n<div class=\"wp-block-group is-style-section-container is-layout-constrained wp-block-group-is-layout-constrained\">\n<h2 class=\"wp-block-heading has-text-align-center is-style-heading-4 has-gh-dark-blue-color has-text-color has-link-color wp-elements-30dd0e0ab0dc8e6d1bdf60bc05d3a97f\">R\u00e9servez votre s\u00e9jour \u00e0, <mark style=\"background-color:rgba(0, 0, 0, 0)\" class=\"has-inline-color has-gh-yellow-color\">gran hotel costa del sol<\/mark><\/h2>\n\n\n\n<p>Si vous recherchez un h\u00f4tel 4 \u00e9toiles sur la Costa del Sol offrant tout le luxe et le confort d&rsquo;un service tout compris, l&rsquo;h\u00f4tel Mijas Costa est le choix id\u00e9al pour vous.  <strong>R\u00e9servez d\u00e8s aujourd&rsquo;hui et pr\u00e9parez-vous \u00e0 des vacances dont vous vous souviendrez toujours.\nNous vous attendons ! <\/strong><\/p>\n<\/div>\n","protected":false},"excerpt":{"rendered":"<p>Situ\u00e9 au c\u0153ur de la c\u00e9l\u00e8bre Costa del Sol, notre h\u00f4tel de Mijas Costa vous offre une exp\u00e9rience unique dans un environnement privil\u00e9gi\u00e9. Cet h\u00f4tel 4 \u00e9toiles, situ\u00e9 dans la magnifique Cala de Mijas, en bord de mer, vous invite \u00e0 passer des vacances inoubliables dans le confort, le style et un service exceptionnel. D\u00e9couvrez<a href=\"https:\/\/granhotelcostadelsol.com\/fr\/hotel-4-etoiles-a-mijas-costa\/\">Continue reading <span class=\"sr-only\">\u00ab\u00a0H\u00f4tel 4 \u00e9toiles \u00e0 Mijas Costa\u00a0\u00bb<\/span><\/a><\/p>\n","protected":false},"author":2,"featured_media":0,"parent":0,"menu_order":0,"comment_status":"closed","ping_status":"closed","template":"","meta":{"_acf_changed":false,"inline_featured_image":false,"_uag_custom_page_level_css":"","footnotes":""},"class_list":["post-1228","page","type-page","status-publish","hentry"],"acf":[],"uagb_featured_image_src":{"full":false,"thumbnail":false,"medium":false,"medium_large":false,"large":false,"1536x1536":false,"2048x2048":false},"uagb_author_info":{"display_name":"@nubeseo","author_link":"https:\/\/granhotelcostadelsol.com\/fr\/author\/nubeseo\/"},"uagb_comment_info":0,"uagb_excerpt":"Situ\u00e9 au c\u0153ur de la c\u00e9l\u00e8bre Costa del Sol, notre h\u00f4tel de Mijas Costa vous offre une exp\u00e9rience unique dans un environnement privil\u00e9gi\u00e9. Cet h\u00f4tel 4 \u00e9toiles, situ\u00e9 dans la magnifique Cala de Mijas, en bord de mer, vous invite \u00e0 passer des vacances inoubliables dans le confort, le style et un service exceptionnel. D\u00e9couvrezContinue\u2026","_links":{"self":[{"href":"https:\/\/granhotelcostadelsol.com\/fr\/wp-json\/wp\/v2\/pages\/1228","targetHints":{"allow":["GET"]}}],"collection":[{"href":"https:\/\/granhotelcostadelsol.com\/fr\/wp-json\/wp\/v2\/pages"}],"about":[{"href":"https:\/\/granhotelcostadelsol.com\/fr\/wp-json\/wp\/v2\/types\/page"}],"author":[{"embeddable":true,"href":"https:\/\/granhotelcostadelsol.com\/fr\/wp-json\/wp\/v2\/users\/2"}],"replies":[{"embeddable":true,"href":"https:\/\/granhotelcostadelsol.com\/fr\/wp-json\/wp\/v2\/comments?post=1228"}],"version-history":[{"count":3,"href":"https:\/\/granhotelcostadelsol.com\/fr\/wp-json\/wp\/v2\/pages\/1228\/revisions"}],"predecessor-version":[{"id":1434,"href":"https:\/\/granhotelcostadelsol.com\/fr\/wp-json\/wp\/v2\/pages\/1228\/revisions\/1434"}],"wp:attachment":[{"href":"https:\/\/granhotelcostadelsol.com\/fr\/wp-json\/wp\/v2\/media?parent=1228"}],"curies":[{"name":"wp","href":"https:\/\/api.w.org\/{rel}","templated":true}]}}