{"id":1150,"date":"2024-09-12T08:42:33","date_gmt":"2024-09-12T06:42:33","guid":{"rendered":"https:\/\/granhotelcostadelsol.nubedev.es\/loisirs-et-divertissements-au-gran-hotel-costa-del-sol\/"},"modified":"2026-02-18T19:09:12","modified_gmt":"2026-02-18T18:09:12","slug":"loisirs-et-divertissements-au-gran-hotel-costa-del-sol","status":"publish","type":"page","link":"https:\/\/granhotelcostadelsol.com\/fr\/loisirs-et-divertissements-au-gran-hotel-costa-del-sol\/","title":{"rendered":"Loisirs et divertissements au Gran Hotel Costa del Sol"},"content":{"rendered":"\n<div class=\"wp-block-group alignfull is-style-section-full is-layout-constrained wp-block-group-is-layout-constrained\">\n<div class=\"wp-block-group alignfull is-style-section is-style-section-container is-layout-constrained wp-block-group-is-layout-constrained\">\n<div style=\"height:24px\" aria-hidden=\"true\" class=\"wp-block-spacer\"><\/div>\n\n\n\n<p class=\"has-text-align-center is-style-general-text has-gh-dark-blue-color has-text-color has-link-color wp-elements-5f29f35c484ba293cd2a14fb6c3a6167\">Les programmes d&rsquo;animation et de divertissement du <a href=\"https:\/\/granhotelcostadelsol.com\/fr\/\">Gran Hotel Costa del Sol<\/a>, ainsi que les installations de l&rsquo;h\u00f4tel, sont con\u00e7us pour le plaisir et le bien-\u00eatre de nos h\u00f4tes, en compl\u00e9ment des attractions des environs de Cala de Mijas, sur la Costa del Sol. Il s&rsquo;agit d&rsquo;un compl\u00e9ment aux attractions des environs de la Cala de Mijas, sur la <a href=\"https:\/\/granhotelcostadelsol.com\/fr\/blog-sur-la-costa-del-sol\/\">Costa del Sol<\/a>. C&rsquo;est le moment d&rsquo;en profiter !  <br\/><\/p>\n<\/div>\n<\/div>\n\n<div class=\"wp-block-group alignfull is-style-section-full is-layout-constrained wp-block-group-is-layout-constrained\">\n<div class=\"wp-block-group alignfull is-style-section is-style-section-container is-layout-constrained wp-block-group-is-layout-constrained\">\n<div style=\"height:24px\" aria-hidden=\"true\" class=\"wp-block-spacer\"><\/div>\n\n\n\n<h2 class=\"wp-block-heading has-text-align-center font-adelia is-style-heading-2 has-gh-dark-blue-color has-text-color has-link-color wp-elements-c9da554d46d4ce5517d5ac702bf11871\">Installations de <mark style=\"background-color:rgba(0, 0, 0, 0)\" class=\"has-inline-color has-gh-yellow-color\">loisirs<\/mark><\/h2>\n\n\n\n<div class=\"wp-block-columns alignfull is-layout-flex wp-container-core-columns-is-layout-9d6595d7 wp-block-columns-is-layout-flex\">\n<div class=\"wp-block-column is-layout-flow wp-block-column-is-layout-flow\" style=\"flex-basis:66%\">\n<figure class=\"wp-block-image alignwide size-full is-style-default\"><img decoding=\"async\" width=\"1196\" height=\"798\" src=\"https:\/\/granhotelcostadelsol.com\/wp-content\/uploads\/2024\/11\/piscina_38566107002_o.redimensionado.webp\" alt=\"\" class=\"wp-image-1918\" srcset=\"https:\/\/granhotelcostadelsol.com\/wp-content\/uploads\/2024\/11\/piscina_38566107002_o.redimensionado.webp 1196w, https:\/\/granhotelcostadelsol.com\/wp-content\/uploads\/2024\/11\/piscina_38566107002_o.redimensionado-300x200.webp 300w, https:\/\/granhotelcostadelsol.com\/wp-content\/uploads\/2024\/11\/piscina_38566107002_o.redimensionado-1024x683.webp 1024w, https:\/\/granhotelcostadelsol.com\/wp-content\/uploads\/2024\/11\/piscina_38566107002_o.redimensionado-768x512.webp 768w\" sizes=\"(max-width: 1196px) 100vw, 1196px\" \/><\/figure>\n<\/div>\n\n\n\n<div class=\"wp-block-column is-vertically-aligned-center is-layout-flow wp-block-column-is-layout-flow\" style=\"flex-basis:33%\">\n<h3 class=\"wp-block-heading has-text-align-center is-style-heading-4 has-gh-dark-blue-color has-text-color has-link-color wp-elements-4fc4f8ba73df3756bcfa9c33d7ec51ef\">Piscine<\/h3>\n\n\n\n<div class=\"wp-block-group is-layout-constrained wp-container-core-group-is-layout-d124f2cb wp-block-group-is-layout-constrained\">\n<ul class=\"wp-block-list\">\n<li>Ext\u00e9rieur<\/li>\n\n\n\n<li>Adultes et id\u00e9al pour les enfants<\/li>\n\n\n\n<li>Parasols<\/li>\n\n\n\n<li>Hamacs<\/li>\n\n\n\n<li>Serviettes de piscine 10\u20ac (caution). 1\u20ac par changement de serviette. <\/li>\n\n\n\n<li>Profondeur 1,40 m &#8211; Surface d&rsquo;eau 245 m2<\/li>\n<\/ul>\n<\/div>\n<\/div>\n<\/div>\n\n\n\n<div style=\"height:24px\" aria-hidden=\"true\" class=\"wp-block-spacer\"><\/div>\n<\/div>\n<\/div>\n\n<div class=\"wp-block-group alignfull is-style-section-full is-layout-constrained wp-block-group-is-layout-constrained\">\n<div class=\"wp-block-group alignfull is-style-section is-style-section-container is-layout-constrained wp-block-group-is-layout-constrained\">\n<div style=\"height:24px\" aria-hidden=\"true\" class=\"wp-block-spacer\"><\/div>\n\n\n\n<div class=\"wp-block-columns alignfull is-layout-flex wp-container-core-columns-is-layout-9d6595d7 wp-block-columns-is-layout-flex\">\n<div class=\"wp-block-column is-layout-flow wp-block-column-is-layout-flow\" style=\"flex-basis:100%\">\n<p><\/p>\n\n\n\n<figure class=\"wp-block-image size-large\"><img decoding=\"async\" src=\"https:\/\/granhotelcostadelsol.com\/wp-content\/uploads\/2024\/11\/Gimnasio.redimensionado-1024x683.webp\" alt=\"\" style=\"aspect-ratio:4\/3;object-fit:cover\"\/><\/figure>\n\n\n\n<h3 class=\"wp-block-heading has-text-align-center is-style-heading-4 has-gh-dark-blue-color has-text-color has-link-color wp-elements-48f7a233c46639d85bb6559f3ecc70b3\">Gymnastique<\/h3>\n\n\n\n<p class=\"has-text-align-center is-style-default\"><br\/>Nous mettons \u00e0 la disposition de nos clients un espace priv\u00e9 avec tout ce dont vous avez besoin pour vous entra\u00eener. Il dispose de diff\u00e9rentes machines avec lesquelles vous pouvez garder la forme pendant vos vacances et ne pas perdre vos habitudes les plus saines.<\/p>\n\n\n\n<p class=\"has-text-align-center is-style-text-small\">Heures d&rsquo;ouverture 09:00-20:00<\/p>\n<\/div>\n\n\n\n<div class=\"wp-block-column is-layout-flow wp-block-column-is-layout-flow\" style=\"flex-basis:100%\">\n<p><\/p>\n\n\n\n<figure class=\"wp-block-image size-large\"><img decoding=\"async\" width=\"1024\" height=\"667\" src=\"https:\/\/granhotelcostadelsol.com\/wp-content\/uploads\/2024\/11\/SALON-PETER-GRAHAM.redimensionado-1024x667.webp\" alt=\"\" class=\"wp-image-1913\" style=\"aspect-ratio:4\/3;object-fit:cover\" srcset=\"https:\/\/granhotelcostadelsol.com\/wp-content\/uploads\/2024\/11\/SALON-PETER-GRAHAM.redimensionado-1024x667.webp 1024w, https:\/\/granhotelcostadelsol.com\/wp-content\/uploads\/2024\/11\/SALON-PETER-GRAHAM.redimensionado-300x195.webp 300w, https:\/\/granhotelcostadelsol.com\/wp-content\/uploads\/2024\/11\/SALON-PETER-GRAHAM.redimensionado-768x500.webp 768w, https:\/\/granhotelcostadelsol.com\/wp-content\/uploads\/2024\/11\/SALON-PETER-GRAHAM.redimensionado-1536x1001.webp 1536w, https:\/\/granhotelcostadelsol.com\/wp-content\/uploads\/2024\/11\/SALON-PETER-GRAHAM.redimensionado.webp 1955w\" sizes=\"(max-width: 1024px) 100vw, 1024px\" \/><\/figure>\n\n\n\n<h3 class=\"wp-block-heading has-text-align-center is-style-heading-4 has-gh-dark-blue-color has-text-color has-link-color wp-elements-519f8393a4cf268743ec1e57f8287b0e\">Salles sociales<\/h3>\n\n\n\n<p class=\"has-text-align-center\">1 grande salle (capacit\u00e9 maximale de 80 personnes)<\/p>\n\n\n\n<p class=\"has-text-align-center\">*Sous r\u00e9serve de variations<\/p>\n<\/div>\n<\/div>\n\n\n\n<div style=\"height:24px\" aria-hidden=\"true\" class=\"wp-block-spacer\"><\/div>\n<\/div>\n<\/div>\n\n<div class=\"wp-block-group alignfull is-layout-constrained wp-block-group-is-layout-constrained\">\n<div style=\"height:24px\" aria-hidden=\"true\" class=\"wp-block-spacer\"><\/div>\n\n\n\n<div class=\"wp-block-buttons alignfull is-content-justification-center is-layout-flex wp-container-core-buttons-is-layout-16018d1d wp-block-buttons-is-layout-flex\">\n<div class=\"wp-block-button is-style-primary-outline booking-button\"><a class=\"wp-block-button__link wp-element-button\">R\u00c9SERVER AU GRAN HOTEL COSTA DEL SOL<\/a><\/div>\n<\/div>\n\n\n\n<div style=\"height:24px\" aria-hidden=\"true\" class=\"wp-block-spacer\"><\/div>\n<\/div>\n\n<div class=\"wp-block-group alignwide is-style-section-container is-layout-constrained wp-block-group-is-layout-constrained\">\n<figure class=\"wp-block-image alignwide size-large\"><img decoding=\"async\" width=\"1024\" height=\"72\" src=\"https:\/\/granhotelcostadelsol.test\/wp-content\/uploads\/2024\/09\/separator-bone-1024x72.png\" alt=\"\" class=\"wp-image-213\" srcset=\"https:\/\/granhotelcostadelsol.com\/wp-content\/uploads\/2024\/09\/separator-bone-1024x72.png 1024w, https:\/\/granhotelcostadelsol.com\/wp-content\/uploads\/2024\/09\/separator-bone-300x21.png 300w, https:\/\/granhotelcostadelsol.com\/wp-content\/uploads\/2024\/09\/separator-bone-768x54.png 768w, https:\/\/granhotelcostadelsol.com\/wp-content\/uploads\/2024\/09\/separator-bone.png 1478w\" sizes=\"(max-width: 1024px) 100vw, 1024px\" \/><\/figure>\n<\/div>\n\n<div class=\"wp-block-group alignfull is-style-section-full is-layout-constrained wp-block-group-is-layout-constrained\">\n<div class=\"wp-block-group alignfull is-style-section is-style-section-container is-layout-constrained wp-block-group-is-layout-constrained\">\n<div style=\"height:24px\" aria-hidden=\"true\" class=\"wp-block-spacer\"><\/div>\n\n\n\n<h2 class=\"wp-block-heading has-text-align-center is-style-heading-4 has-gh-dark-blue-color has-text-color has-link-color has-large-font-size wp-elements-03646ad005249740704b2b4164f546e5\" style=\"font-style:normal;font-weight:500\">Sports et animation<\/h2>\n\n\n\n<div style=\"height:24px\" aria-hidden=\"true\" class=\"wp-block-spacer\"><\/div>\n\n\n\n<div class=\"wp-block-columns alignfull are-vertically-aligned-center is-layout-flex wp-container-core-columns-is-layout-9d6595d7 wp-block-columns-is-layout-flex\">\n<div class=\"wp-block-column is-vertically-aligned-center is-layout-flow wp-block-column-is-layout-flow\">\n<p>Si vous recherchez une destination pleine d&rsquo;activit\u00e9s et de divertissements, le Gran Hotel Costa del Sol est votre choix id\u00e9al. Dans un cadre privil\u00e9gi\u00e9, vous pourrez profiter d&rsquo;une grande vari\u00e9t\u00e9 de <strong>sports sur la Costa del Sol<\/strong>. <\/p>\n\n\n\n<p>Voici quelques-uns des points forts :<\/p>\n\n\n\n<ul class=\"wp-block-list\">\n<li><strong>Tir \u00e0 l&rsquo;arc et tir \u00e0 la carabine<\/strong><\/li>\n\n\n\n<li><strong>Ski nautique<\/strong> (\u00e0 2 km)<\/li>\n\n\n\n<li><strong>Golf<\/strong> (\u00e0 500 m)<\/li>\n\n\n\n<li><strong>\u00c9quitation<\/strong> (\u00e0 5 km)<\/li>\n\n\n\n<li><strong>Location de v\u00e9los<\/strong><\/li>\n<\/ul>\n\n\n\n<p>Nous proposons \u00e9galement des <strong>animations et des spectacles quotidiens<\/strong> (selon la saison), avec de la musique live et des activit\u00e9s pour tous les go\u00fbts. Venez vivre des moments inoubliables o\u00f9 le sport et l&rsquo;amusement se conjuguent. <\/p>\n<\/div>\n\n\n\n<div class=\"wp-block-column is-vertically-aligned-center is-layout-flow wp-block-column-is-layout-flow\">\n<figure class=\"wp-block-image alignfull size-large\"><img decoding=\"async\" width=\"1024\" height=\"768\" src=\"https:\/\/granhotelcostadelsol.com\/wp-content\/uploads\/2024\/11\/Animacion.redimensionado.jpeg-1024x768.webp\" alt=\"\" class=\"wp-image-1902\" srcset=\"https:\/\/granhotelcostadelsol.com\/wp-content\/uploads\/2024\/11\/Animacion.redimensionado.jpeg-1024x768.webp 1024w, https:\/\/granhotelcostadelsol.com\/wp-content\/uploads\/2024\/11\/Animacion.redimensionado.jpeg-300x225.webp 300w, https:\/\/granhotelcostadelsol.com\/wp-content\/uploads\/2024\/11\/Animacion.redimensionado.jpeg-768x576.webp 768w, https:\/\/granhotelcostadelsol.com\/wp-content\/uploads\/2024\/11\/Animacion.redimensionado.jpeg-1536x1152.webp 1536w, https:\/\/granhotelcostadelsol.com\/wp-content\/uploads\/2024\/11\/Animacion.redimensionado.jpeg.webp 1741w\" sizes=\"(max-width: 1024px) 100vw, 1024px\" \/><\/figure>\n<\/div>\n<\/div>\n<\/div>\n<\/div>\n\n<div class=\"wp-block-group alignwide is-style-section-container is-layout-constrained wp-block-group-is-layout-constrained\">\n<figure class=\"wp-block-image alignwide size-large\"><img decoding=\"async\" width=\"1024\" height=\"72\" src=\"https:\/\/granhotelcostadelsol.test\/wp-content\/uploads\/2024\/09\/separator-bone-1024x72.png\" alt=\"\" class=\"wp-image-213\" srcset=\"https:\/\/granhotelcostadelsol.com\/wp-content\/uploads\/2024\/09\/separator-bone-1024x72.png 1024w, https:\/\/granhotelcostadelsol.com\/wp-content\/uploads\/2024\/09\/separator-bone-300x21.png 300w, https:\/\/granhotelcostadelsol.com\/wp-content\/uploads\/2024\/09\/separator-bone-768x54.png 768w, https:\/\/granhotelcostadelsol.com\/wp-content\/uploads\/2024\/09\/separator-bone.png 1478w\" sizes=\"(max-width: 1024px) 100vw, 1024px\" \/><\/figure>\n<\/div>\n\n<div class=\"wp-block-group alignfull is-style-section-full is-layout-constrained wp-block-group-is-layout-constrained\">\n<div class=\"wp-block-group alignfull is-style-section is-style-section-container is-layout-constrained wp-block-group-is-layout-constrained\">\n<h2 class=\"wp-block-heading has-text-align-center is-style-heading-4 has-gh-dark-blue-color has-text-color has-link-color has-large-font-size wp-elements-de007a6c403e29b9cb4ac1f6ebed6808\" style=\"font-style:normal;font-weight:500\">Services d&rsquo;int\u00e9r\u00eat<\/h2>\n\n\n\n<div style=\"height:24px\" aria-hidden=\"true\" class=\"wp-block-spacer\"><\/div>\n\n\n\n<div class=\"wp-block-columns alignfull are-vertically-aligned-center is-layout-flex wp-container-core-columns-is-layout-9d6595d7 wp-block-columns-is-layout-flex\">\n<div class=\"wp-block-column is-vertically-aligned-center is-layout-flow wp-block-column-is-layout-flow\">\n<ul class=\"wp-block-list\">\n<li>Massages* et coiffeur * (100 m)<\/li>\n\n\n\n<li>Dentiste* et m\u00e9decin* (100 m)<\/li>\n\n\n\n<li>Location de voiture * Location de voiture<\/li>\n\n\n\n<li>Excursions \u00e0 Grenade, Cordoue, S\u00e9ville, Gibraltar, Marbella, * etc.<\/li>\n\n\n\n<li>Service de taxi<\/li>\n<\/ul>\n\n\n\n<p>* Payable.<\/p>\n<\/div>\n\n\n\n<div class=\"wp-block-column is-vertically-aligned-center is-layout-flow wp-block-column-is-layout-flow\">\n<figure class=\"wp-block-image alignfull size-full\"><img decoding=\"async\" width=\"847\" height=\"723\" src=\"https:\/\/granhotelcostadelsol.com\/wp-content\/uploads\/2024\/09\/Costa-del-Sol.jpg\" alt=\"Vues de la Costa del Sol\" class=\"wp-image-81\" srcset=\"https:\/\/granhotelcostadelsol.com\/wp-content\/uploads\/2024\/09\/Costa-del-Sol.jpg 847w, https:\/\/granhotelcostadelsol.com\/wp-content\/uploads\/2024\/09\/Costa-del-Sol-300x256.jpg 300w, https:\/\/granhotelcostadelsol.com\/wp-content\/uploads\/2024\/09\/Costa-del-Sol-768x656.jpg 768w\" sizes=\"(max-width: 847px) 100vw, 847px\" \/><\/figure>\n<\/div>\n<\/div>\n<\/div>\n<\/div>\n","protected":false},"excerpt":{"rendered":"<p>Les programmes d&rsquo;animation et de divertissement du Gran Hotel Costa del Sol, ainsi que les installations de l&rsquo;h\u00f4tel, sont con\u00e7us pour le plaisir et le bien-\u00eatre de nos h\u00f4tes, en compl\u00e9ment des attractions des environs de Cala de Mijas, sur la Costa del Sol. Il s&rsquo;agit d&rsquo;un compl\u00e9ment aux attractions des environs de la Cala<a href=\"https:\/\/granhotelcostadelsol.com\/fr\/loisirs-et-divertissements-au-gran-hotel-costa-del-sol\/\">Continue reading <span class=\"sr-only\">\u00ab\u00a0Loisirs et divertissements au Gran Hotel Costa del Sol\u00a0\u00bb<\/span><\/a><\/p>\n","protected":false},"author":1,"featured_media":0,"parent":0,"menu_order":0,"comment_status":"closed","ping_status":"closed","template":"","meta":{"_acf_changed":false,"inline_featured_image":false,"_uag_custom_page_level_css":"","footnotes":""},"class_list":["post-1150","page","type-page","status-publish","hentry"],"acf":[],"uagb_featured_image_src":{"full":false,"thumbnail":false,"medium":false,"medium_large":false,"large":false,"1536x1536":false,"2048x2048":false},"uagb_author_info":{"display_name":"maria@nubeseo.es","author_link":"https:\/\/granhotelcostadelsol.com\/fr\/author\/marianubeseo-es\/"},"uagb_comment_info":0,"uagb_excerpt":"Les programmes d&rsquo;animation et de divertissement du Gran Hotel Costa del Sol, ainsi que les installations de l&rsquo;h\u00f4tel, sont con\u00e7us pour le plaisir et le bien-\u00eatre de nos h\u00f4tes, en compl\u00e9ment des attractions des environs de Cala de Mijas, sur la Costa del Sol. Il s&rsquo;agit d&rsquo;un compl\u00e9ment aux attractions des environs de la CalaContinue\u2026","_links":{"self":[{"href":"https:\/\/granhotelcostadelsol.com\/fr\/wp-json\/wp\/v2\/pages\/1150","targetHints":{"allow":["GET"]}}],"collection":[{"href":"https:\/\/granhotelcostadelsol.com\/fr\/wp-json\/wp\/v2\/pages"}],"about":[{"href":"https:\/\/granhotelcostadelsol.com\/fr\/wp-json\/wp\/v2\/types\/page"}],"author":[{"embeddable":true,"href":"https:\/\/granhotelcostadelsol.com\/fr\/wp-json\/wp\/v2\/users\/1"}],"replies":[{"embeddable":true,"href":"https:\/\/granhotelcostadelsol.com\/fr\/wp-json\/wp\/v2\/comments?post=1150"}],"version-history":[{"count":12,"href":"https:\/\/granhotelcostadelsol.com\/fr\/wp-json\/wp\/v2\/pages\/1150\/revisions"}],"predecessor-version":[{"id":3729,"href":"https:\/\/granhotelcostadelsol.com\/fr\/wp-json\/wp\/v2\/pages\/1150\/revisions\/3729"}],"wp:attachment":[{"href":"https:\/\/granhotelcostadelsol.com\/fr\/wp-json\/wp\/v2\/media?parent=1150"}],"curies":[{"name":"wp","href":"https:\/\/api.w.org\/{rel}","templated":true}]}}