{"id":1099,"date":"2024-09-11T15:44:39","date_gmt":"2024-09-11T13:44:39","guid":{"rendered":"https:\/\/granhotelcostadelsol.nubedev.es\/politique-en-matiere-de-cookies\/"},"modified":"2026-03-12T14:57:49","modified_gmt":"2026-03-12T13:57:49","slug":"politica-de-cookies","status":"publish","type":"page","link":"https:\/\/granhotelcostadelsol.com\/fr\/politica-de-cookies\/","title":{"rendered":"Politique de Cookies et Stockage Local"},"content":{"rendered":"<div class=\"wp-block-group alignfull is-style-section-full\">\n<div class=\"wp-block-group is-style-section-container\">\n<p><strong>Informations sur le traitement :<\/strong><\/p>\n<p>Le titulaire du pr\u00e9sent Site est Constructora Palmacana, S.L, avec le CIF : B35379049.&nbsp;<\/p>\n<p>Si\u00e8ge social : C\/ La Butibamba 9, C.P. 29649, de La Cala de Mijas.<\/p>\n<p>T\u00e9l\u00e9phone : 952587580&nbsp;<\/p>\n<p>E-mail : <a href=\"mailto:recepcion@granhotelcostadelsol.com\">recepcion@granhotelcostadelsol.com<\/a>&nbsp;<\/p>\n<p>Ce site web, comme la plupart, utilise des Cookies. Vous trouverez ci-dessous des informations d\u00e9taill\u00e9es sur ce que sont les Cookies, le type utilis\u00e9 par ce site web, comment modifier la configuration de vos cookies et ce qui se passe si vous les d\u00e9sactivez.<\/p>\n<p><strong>Finalit\u00e9s du traitement<\/strong> : Nous utilisons des cookies propres et de tiers pour am\u00e9liorer et optimiser l&rsquo;exp\u00e9rience de l&rsquo;utilisateur, mais aussi pour analyser nos services et recueillir des informations anonymes telles que le nombre de visiteurs du site ou les pages les plus populaires. De plus, nous partageons des informations sur votre utilisation du site web avec les partenaires qui nous fournissent les cookies, tant pour les r\u00e9seaux sociaux, la publicit\u00e9 que l&rsquo;analyse web.&nbsp;<\/p>\n<p><strong>L\u00e9gitimation<\/strong> : La base juridique du traitement sera l&rsquo;int\u00e9r\u00eat l\u00e9gitime pour les cookies fonctionnels ou techniques, et le consentement de l&rsquo;int\u00e9ress\u00e9 pour les cookies analytiques, publicitaires persistants ou de tiers ; ou pour tout autre non inclus dans les cat\u00e9gories pr\u00e9c\u00e9dentes.<\/p>\n<p><strong>Destinataires<\/strong> : Les principaux sont Google et Facebook, mais vous pouvez voir tous les partenaires dans le tableau sur les cookies, o\u00f9 sont \u00e9galement d\u00e9taill\u00e9s les d\u00e9lais de conservation des cookies.&nbsp;<\/p>\n<p><strong>Dur\u00e9e<\/strong> : Les donn\u00e9es personnelles obtenues par les cookies seront conserv\u00e9es au maximum pendant un mois, et une fois l&rsquo;analyse termin\u00e9e, toute donn\u00e9e d&rsquo;identification sera supprim\u00e9e, et les statistiques anonymis\u00e9es et agr\u00e9g\u00e9es seront archiv\u00e9es, de sorte qu&rsquo;il ne sera pas possible de vous r\u00e9identifier.<\/p>\n<p>Nous ne transf\u00e9rons pas de donn\u00e9es en dehors de l&rsquo;UE. Nous ne prenons pas non plus de d\u00e9cisions automatis\u00e9es. Si vous modifiez une donn\u00e9e, nous vous remercions de nous en informer afin de les maintenir \u00e0 jour.<\/p>\n<p><strong>Quels sont vos droits ?<\/strong><\/p>\n<p>&#8211; Savoir si nous traitons vos donn\u00e9es ou non.<\/p>\n<p>&#8211; Acc\u00e9der \u00e0 vos donn\u00e9es personnelles.<\/p>\n<p>&#8211; Demander la rectification de vos donn\u00e9es si elles sont inexactes.<\/p>\n<p>&#8211; Demander la suppression de vos donn\u00e9es si elles ne sont plus n\u00e9cessaires aux fins pour lesquelles elles ont \u00e9t\u00e9 collect\u00e9es ou si vous retirez le consentement accord\u00e9.<\/p>\n<p>&#8211; Demander la limitation du traitement de vos donn\u00e9es, dans certains cas, auquel cas nous ne les conserverons que conform\u00e9ment \u00e0 la r\u00e9glementation en vigueur.<\/p>\n<p>&#8211; Porter vos donn\u00e9es, qui vous seront fournies dans un format structur\u00e9, d&rsquo;usage courant ou de lecture m\u00e9canique. Si vous le pr\u00e9f\u00e9rez, nous pouvons les envoyer au nouveau responsable que vous nous d\u00e9signerez. Ceci n&rsquo;est valable que dans certains cas d\u00e9termin\u00e9s.<\/p>\n<p>&#8211; Pr\u00e9senter une r\u00e9clamation aupr\u00e8s de l&rsquo;Agence Espagnole de Protection des Donn\u00e9es (AEPD), si vous estimez que nous n&rsquo;avons pas trait\u00e9 votre demande correctement.<\/p>\n<p>&#8211; R\u00e9voquer le consentement pour tout traitement auquel vous avez consenti, \u00e0 tout moment.<\/p>\n<ul class=\"wp-block-list\">\n<li><\/li>\n<\/ul>\n<p><strong>Que sont les cookies ?<\/strong>&nbsp;<\/p>\n<p>C&rsquo;est un fichier qui se t\u00e9l\u00e9charge sur votre ordinateur, smartphone ou appareil lors de l&rsquo;acc\u00e8s \u00e0 un site web. Les cookies permettent au site de stocker et de r\u00e9cup\u00e9rer des informations sur les habitudes de navigation de l&rsquo;utilisateur ou de l&rsquo;\u00e9quipement et, selon les informations qu&rsquo;ils contiennent et la mani\u00e8re dont vous utilisez votre \u00e9quipement, ils peuvent \u00eatre utilis\u00e9s pour reconna\u00eetre l&rsquo;utilisateur.&nbsp;<\/p>\n<p><strong>Types de cookies selon l&rsquo;entit\u00e9 qui les g\u00e8re :<\/strong><\/p>\n<p><strong>Propres : <\/strong>Ceux qui sont envoy\u00e9s \u00e0 votre \u00e9quipement depuis un \u00e9quipement ou un domaine g\u00e9r\u00e9 par le titulaire du site lui-m\u00eame et depuis lequel le service demand\u00e9 par l&rsquo;utilisateur est fourni.&nbsp;<\/p>\n<p><strong>De tiers :<\/strong> Ils sont envoy\u00e9s \u00e0 votre \u00e9quipement lorsque vous naviguez sur notre site, mais depuis un \u00e9quipement ou un domaine qui est g\u00e9r\u00e9 par un tiers. Si le tiers utilise les donn\u00e9es obtenues \u00e0 ses propres fins, nous vous en informerons.<\/p>\n<p><strong>Types de cookies selon le temps qu&rsquo;ils restent sur l&rsquo;\u00e9quipement :<\/strong><\/p>\n<p><strong>\u2022 De session :<\/strong> Actifs lors de l&rsquo;acc\u00e8s au site, ils disparaissent \u00e0 la fin de la session (ex. liste de produits achet\u00e9s).&nbsp;<\/p>\n<p><strong>\u2022 Cookies persistants :<\/strong> Les donn\u00e9es restent stock\u00e9es dans le terminal et peuvent \u00eatre consult\u00e9es et trait\u00e9es pendant la p\u00e9riode d\u00e9finie dans le cookie, pouvant aller jusqu&rsquo;\u00e0 plusieurs ann\u00e9es. Si possible, nous r\u00e9duirons leur dur\u00e9e au minimum, selon leur finalit\u00e9.<\/p>\n<p><strong>Types de cookies selon leur finalit\u00e9 :<\/strong><\/p>\n<p><strong>\u2022 Fonctionnels et techniques :<\/strong> S&rsquo;ils ne fournissent que le service demand\u00e9, ils n&rsquo;ont pas \u00e0 se conformer \u00e0 la LSSI. Ils sont strictement n\u00e9cessaires \u00e0 la gestion et au fonctionnement du site, ainsi qu&rsquo;aux services express\u00e9ment demand\u00e9s par l&rsquo;utilisateur. Si ces cookies sont d\u00e9sactiv\u00e9s, vous ne recevrez pas correctement nos contenus ou services. Exemples :<\/p>\n<p>Contr\u00f4le du trafic et communication de donn\u00e9es, identification de la session, acc\u00e8s \u00e0 des parties restreintes, m\u00e9morisation de la commande du panier d&rsquo;achat, r\u00e9alisation d&rsquo;achats, gestion des paiements, pr\u00e9vention des fraudes, facilitation des inscriptions ou participations \u00e0 des \u00e9v\u00e9nements, comptage des visites pour la facturation du logiciel selon le nombre d&rsquo;utilisations, utilisation d&rsquo;\u00e9l\u00e9ments de s\u00e9curit\u00e9 lors de la navigation, sauvegarde des donn\u00e9es des vid\u00e9os ou sons, activation de contenus dynamiques (ex. animation de chargement de texte ou d&rsquo;image), partage de contenus via les r\u00e9seaux sociaux ; ou gestion des espaces publicitaires sur la base de crit\u00e8res tels que le contenu \u00e9dit\u00e9, sans que des informations ne soient collect\u00e9es aupr\u00e8s des utilisateurs \u00e0 d&rsquo;autres fins (ex. personnaliser les contenus).<\/p>\n<p><strong>\u2022 De pr\u00e9f\u00e9rences ou de personnalisation :<\/strong> Si vous choisissez des caract\u00e9ristiques (ex. si vous cochez le drapeau de la langue du site), ils n&rsquo;ont pas \u00e0 se conformer \u00e0 la LSSI, car ils sont consid\u00e9r\u00e9s comme un service express\u00e9ment demand\u00e9. Ils permettent de m\u00e9moriser les pr\u00e9f\u00e9rences de l&rsquo;utilisateur, comme la langue, le nombre de r\u00e9sultats \u00e0 afficher lors d&rsquo;une recherche, l&rsquo;aspect ou le contenu du service selon le navigateur ou la r\u00e9gion depuis laquelle vous acc\u00e9dez, etc.<\/p>\n<p><strong>\u2022 D&rsquo;entr\u00e9e de l&rsquo;utilisateur :<\/strong> Exclus de l&rsquo;application de la LSSI. Ils suivent l&rsquo;utilisateur lors du remplissage des formulaires en ligne sur plusieurs pages, ou servent de panier d&rsquo;achat pour suivre les articles s\u00e9lectionn\u00e9s en appuyant sur un bouton.<\/p>\n<p><strong>\u2022 D&rsquo;authentification ou d&rsquo;identification de l&rsquo;utilisateur<\/strong> (de session). Exclus de l&rsquo;application de la LSSI.<\/p>\n<p><strong>\u2022 De s\u00e9curit\u00e9 :<\/strong> Exclus de l&rsquo;application de la LSSI. Ils d\u00e9tectent les tentatives erron\u00e9es ou r\u00e9p\u00e9t\u00e9es de connexion au site.<\/p>\n<p><strong>\u2022 Du lecteur multim\u00e9dia, d&rsquo;\u00e9quilibrage de charge ; ou de personnalisation de l&rsquo;interface utilisateur.<\/strong> Exclus de l&rsquo;application de la LSSI.<\/p>\n<p><strong>\u2022 De compl\u00e9ment (plug-in) ou sociaux.<\/strong> Exclus de la LSSI uniquement pour l&rsquo;utilisateur ayant une session ouverte. Ils contr\u00f4lent l&rsquo;interaction avec les r\u00e9seaux sociaux au sein du site. Utilis\u00e9s pour \u00ab\u00a0YouTube\u00a0\u00bb, \u00ab\u00a0Facebook\u00a0\u00bb, \u00ab\u00a0Google\u00a0\u00bb et \u00ab\u00a0Twitter\u00a0\u00bb, entre autres.<\/p>\n<p><strong>\u2022 Cookies d&rsquo;analyse ou de mesure :<\/strong> Nous devons obtenir un consentement \u00e9clair\u00e9 bien qu&rsquo;il soit peu probable qu&rsquo;ils repr\u00e9sentent un risque pour votre vie priv\u00e9e s&rsquo;ils proviennent du site lui-m\u00eame et qu&rsquo;ils traitent des donn\u00e9es agr\u00e9g\u00e9es \u00e0 des fins statistiques.<\/p>\n<p>Trait\u00e9s par nous ou par des tiers, ils permettent de quantifier le nombre d&rsquo;utilisateurs, de mesurer et d&rsquo;analyser le comportement sur le site, ou de compter les impressions \u00e0 l&rsquo;\u00e9cran ou les clics sur les publicit\u00e9s pour mesurer la performance et am\u00e9liorer l&rsquo;offre de produits ou services que nous proposons.<\/p>\n<p><strong>\u2022 Cookies publicitaires : <\/strong>Trait\u00e9s par nous ou par des tiers, ils permettent de g\u00e9rer l&rsquo;offre des espaces publicitaires pr\u00e9sents sur la page web, en adaptant le contenu de l&rsquo;annonce au contenu du service demand\u00e9, \u00e0 l&rsquo;utilisation faite du site, ou aux informations dont nous disposons sur vos habitudes de navigation sur Internet.<\/p>\n<p><strong>Autres formes de stockage similaires aux cookies<\/strong><\/p>\n<p><strong>\u2022 LocalStorage et SessionStorage de HTML5 : <\/strong>Espace que le site peut utiliser sur l&rsquo;\u00e9quipement de l&rsquo;utilisateur. Ils peuvent normalement \u00eatre supprim\u00e9s en effa\u00e7ant l&rsquo;historique de navigation.<\/p>\n<p><strong>\u2022 Local Shared Objects de Flash :<\/strong> Ils stockent plus d&rsquo;informations qu&rsquo;un cookie, sont ind\u00e9pendants du navigateur utilis\u00e9 et plus difficiles \u00e0 localiser, visualiser ou supprimer. Ils peuvent m\u00eame r\u00e9g\u00e9n\u00e9rer des cookies standards. Un exemple est l&rsquo;Isolated Storage Silverlight, il faut entrer dans le dossier Microsoft de l&rsquo;utilisateur pour le supprimer (ex. vid\u00e9o Vimeo).<\/p>\n<p><strong>\u2022 Web beacons ou bugs :<\/strong> Ce sont des images de taille minimale, camoufl\u00e9es sur le site et imperceptibles \u00e0 l&rsquo;\u0153il nu. Elles se t\u00e9l\u00e9chargent lors de la visite du site mais sont stock\u00e9es sur un second site \u00e0 partir duquel la visite est enregistr\u00e9e via les informations que le navigateur fournit lors du t\u00e9l\u00e9chargement de l&rsquo;image : adresse IP, syst\u00e8me d&rsquo;exploitation, navigateur, nombre de fois et horaires auxquels l&rsquo;image est t\u00e9l\u00e9charg\u00e9e.<\/p>\n<p><strong>Cookies utilis\u00e9s par ce site :<\/strong><\/p>\n<figure class=\"wp-block-table\">\n<table class=\"has-fixed-layout\">\n<tbody>\n<tr>\n<td><strong>Nom<\/strong><\/td>\n<td><strong>Description \/ Finalit\u00e9<\/strong><\/td>\n<td><strong>Fournisseur<\/strong><\/td>\n<td><strong>Expiration<\/strong><\/td>\n<\/tr>\n<tr>\n<td><strong>_ga<\/strong><\/td>\n<td>Analytique. Utilis\u00e9 pour distinguer les utilisateurs.<\/td>\n<td>Google<\/td>\n<td>2 ans<\/td>\n<\/tr>\n<tr>\n<td><strong>_fbp<\/strong><\/td>\n<td>Publicitaire. Fournit une s\u00e9rie de produits publicitaires comme des ench\u00e8res en temps r\u00e9el<\/td>\n<td>Facebook<\/td>\n<td>3 mois<\/td>\n<\/tr>\n<tr>\n<td><strong>*ga**<\/strong><\/td>\n<td>Analytique. Stocke et compte les visites sur la page<\/td>\n<td>Google<\/td>\n<td>1 an, 1 mois et 4 jours<\/td>\n<\/tr>\n<tr>\n<td><strong>_hjSessionUser*<\/strong><\/td>\n<td>Analytique. Conserve l&rsquo;identification de l&rsquo;utilisateur pour les visites ult\u00e9rieures sur ce site \u00e0 partir du navigateur.<\/td>\n<td>propre<\/td>\n<td>1 an<\/td>\n<\/tr>\n<tr>\n<td><strong>*hjSession**<\/strong><\/td>\n<td>Analytique. Conserve l&rsquo;ID utilisateur exclusif sur ce site web<\/td>\n<td>propre<\/td>\n<td>30 minutes<\/td>\n<\/tr>\n<tr>\n<td><strong>cookieyes-consentimiento<\/strong><\/td>\n<td>Autres. M\u00e9morise les pr\u00e9f\u00e9rences de consentement des utilisateurs afin qu&rsquo;elles soient respect\u00e9es lors des visites ult\u00e9rieures<\/td>\n<td>Cookieyes<\/td>\n<td>1 an<\/td>\n<\/tr>\n<tr>\n<td><strong>pys_session_limit<\/strong><\/td>\n<td>Analytique. Pour g\u00e9rer les services analytiques.<\/td>\n<td>propre<\/td>\n<td>1 heure<\/td>\n<\/tr>\n<tr>\n<td><strong>pys_start_session<\/strong><\/td>\n<td>Analytique. Pour g\u00e9rer les services analytiques<\/td>\n<td>propre<\/td>\n<td>Session<\/td>\n<\/tr>\n<tr>\n<td><strong>pys_first_visit<\/strong><\/td>\n<td>Analytique. G\u00e9rer le service analytique<\/td>\n<td>propre<\/td>\n<td>7 jours<\/td>\n<\/tr>\n<tr>\n<td><strong>pysTrafficSource<\/strong><\/td>\n<td>Analytique. G\u00e9rer les services analytiques<\/td>\n<td>propre<\/td>\n<td>7 jours<\/td>\n<\/tr>\n<tr>\n<td><strong>pys_landing_page<\/strong><\/td>\n<td>Analytique. G\u00e9rer les services analytiques<\/td>\n<td>propre<\/td>\n<td>7 jours<\/td>\n<\/tr>\n<tr>\n<td><strong>last_pysTrafficSource<\/strong><\/td>\n<td>Analytique. Pour g\u00e9rer les services analytiques.<\/td>\n<td>propre<\/td>\n<td>7 jours<\/td>\n<\/tr>\n<tr>\n<td><strong>last_pys_landing_page<\/strong><\/td>\n<td>Analytique. G\u00e9rer les services analytiques<\/td>\n<td>propre<\/td>\n<td>7 jours<\/td>\n<\/tr>\n<tr>\n<td><strong>_GRECAPTCHA<\/strong><\/td>\n<td>Analytique. Prot\u00e8ge les formulaires du site web contre le spam et les attaques par force brute avec Google reCAPTCHA.<\/td>\n<td>Google<\/td>\n<td>n\/d<\/td>\n<\/tr>\n<\/tbody>\n<\/table>\n<\/figure>\n<p><strong>Que se passe-t-il si les Cookies sont d\u00e9sactiv\u00e9s ?<\/strong><\/p>\n<p>Certaines fonctionnalit\u00e9s de service ou zones du site pourraient ne pas fonctionner correctement. Le fait de ne pas accepter les cookies entra\u00eene l&rsquo;installation sur votre \u00e9quipement d&rsquo;un cookie de refus, qui nous informe que vous ne souhaitez pas de cookies lors de vos visites successives.<\/p>\n<p><strong>Mettons-nous \u00e0 jour notre Politique de Cookies ?<\/strong><\/p>\n<p>C&rsquo;est possible, c&rsquo;est pourquoi nous vous recommandons de consulter cette politique chaque fois que vous acc\u00e9dez \u00e0 notre site web afin d&rsquo;\u00eatre correctement inform\u00e9 sur comment et pourquoi nous utilisons les cookies.&nbsp;<\/p>\n<p><strong>Comment pouvez-vous configurer vos Cookies ?<\/strong><\/p>\n<p>Depuis la banni\u00e8re qui appara\u00eet lors de l&rsquo;acc\u00e8s au site, vous avez la possibilit\u00e9 d&rsquo;exercer votre droit de bloquer, supprimer et refuser l&rsquo;utilisation de Cookies. Vous pouvez \u00e9galement le faire en modifiant les options de votre navigateur.&nbsp;<\/p>\n<ul class=\"wp-block-list\">\n<li><strong>Microsoft Edge <\/strong>: Param\u00e8tres > Param\u00e8tres avanc\u00e9s > Confidentialit\u00e9 et services > Cookies.<\/li>\n<\/ul>\n<p>Pour plus d&rsquo;informations, consultez le <a href=\"[http:\/\/windows.microsoft.com\/fr-FR\/windows\/support](https:\/\/www.google.com\/search?q=http:\/\/windows.microsoft.com\/fr-FR\/windows\/support)\">support de Microsoft<\/a> ou l&rsquo;Aide du navigateur.<\/p>\n<ul class=\"wp-block-list\">\n<li><strong>Mozilla Firefox<\/strong> : Outils > Options > Vie priv\u00e9e > Historique > Param\u00e8tres personnalis\u00e9s.<\/li>\n<\/ul>\n<p>Pour plus d&rsquo;informations, consultez le <a href=\"[http:\/\/support.mozilla.org\/fr\/home](https:\/\/www.google.com\/search?q=http:\/\/support.mozilla.org\/fr\/home)\">support de Mozilla<\/a> ou l&rsquo;Aide du navigateur.<\/p>\n<ul class=\"wp-block-list\">\n<li><strong>Google Chrome<\/strong> : Param\u00e8tres > Afficher les param\u00e8tres avanc\u00e9s > Confidentialit\u00e9 > Param\u00e8tres de contenu.<\/li>\n<\/ul>\n<p>Pour plus d&rsquo;informations, consultez le <a href=\"[http:\/\/support.google.com\/chrome\/?hl=fr](http:\/\/support.google.com\/chrome\/?hl=fr)\">support de Google<\/a> ou l&rsquo;Aide du navigateur.<\/p>\n<ul class=\"wp-block-list\">\n<li><strong>Safari (Apple)<\/strong> : Pr\u00e9f\u00e9rences > S\u00e9curit\u00e9.<\/li>\n<\/ul>\n<p>Pour plus d&rsquo;informations, consultez le <a href=\"[http:\/\/www.apple.com\/fr\/support\/safari\/](http:\/\/www.apple.com\/fr\/support\/safari\/)\">support d&rsquo;Apple<\/a> ou l&rsquo;Aide du navigateur.<\/p>\n<ul class=\"wp-block-list\">\n<li><strong>Opera (Opera Software) : <\/strong>R\u00e9glages > Options > Avanc\u00e9 > Cookies<\/li>\n<\/ul>\n<p>Pour plus d&rsquo;informations, consultez le <a href=\"[http:\/\/help.opera.com\/Windows\/11.50\/fr-FR\/cookies.html](https:\/\/www.google.com\/search?q=http:\/\/help.opera.com\/Windows\/11.50\/fr-FR\/cookies.html)\">support d&rsquo;Opera<\/a> ou l&rsquo;Aide du navigateur.<\/p>\n<p>Si vous utilisez un autre navigateur que ceux mentionn\u00e9s ci-dessus, consultez sa politique d&rsquo;installation, d&rsquo;utilisation et de blocage des cookies.&nbsp;<\/p>\n<p><strong>Options pour d\u00e9sactiver les cookies et opt-out.<\/strong><\/p>\n<p>En utilisant l&rsquo;outil <a href=\"[http:\/\/www.youronlinechoices.com\/](http:\/\/www.youronlinechoices.com\/)\">[www.youronlinechoices.com](https:\/\/www.youronlinechoices.com)<\/a>, vous pourrez trouver des informations utiles et configurer, fournisseur par fournisseur, vos pr\u00e9f\u00e9rences sur les cookies.<\/p>\n<p>Il existe des outils tiers qui permettent aux utilisateurs de d\u00e9tecter les cookies de chaque site web visit\u00e9 et de g\u00e9rer leur d\u00e9sactivation. Par exemple, Ghostery : <a href=\"[https:\/\/www.ghostery.com\/privacy\/privacy](https:\/\/www.ghostery.com\/privacy\/privacy)\">[https:\/\/www.ghostery.com\/privacy\/privacy](https:\/\/www.ghostery.com\/privacy\/privacy)<\/a>&nbsp;<\/p>\n<p>Il existe un compl\u00e9ment pour d\u00e9sactiver les cookies de Google Analytics : <a href=\"[https:\/\/tools.google.com\/dlpage\/gaoptout?hl=fr](https:\/\/tools.google.com\/dlpage\/gaoptout?hl=fr)\">[https:\/\/tools.google.com\/dlpage\/gaoptout?hl=fr](https:\/\/tools.google.com\/dlpage\/gaoptout?hl=fr)<\/a>&nbsp;&nbsp;<\/p>\n<p>Il existe une option pour d\u00e9sactiver les cookies publicitaires de toutes les entreprises inscrites \u00e0 la NAI (Network Advertising Initiative) : <a href=\"[https:\/\/optout.networkadvertising.org\/?c=1](https:\/\/optout.networkadvertising.org\/?c=1)\">[https:\/\/optout.networkadvertising.org\/?c=1](https:\/\/optout.networkadvertising.org\/?c=1)<\/a>&nbsp;<\/p>\n<p>Vous pouvez consulter plus d&rsquo;informations sur les cookies sur <a href=\"[https:\/\/www.aboutcookies.org\/](https:\/\/www.aboutcookies.org\/)\">[https:\/\/www.aboutcookies.org\/](https:\/\/www.aboutcookies.org\/)<\/a> et sur <a href=\"[https:\/\/www.allaboutcookies.org\/](https:\/\/www.allaboutcookies.org\/)\">[https:\/\/www.allaboutcookies.org\/](https:\/\/www.allaboutcookies.org\/)<\/a>&nbsp;<\/p>\n<\/div>\n<\/div>\n","protected":false},"excerpt":{"rendered":"<p>Informations sur le traitement : Le titulaire du pr\u00e9sent Site est Constructora Palmacana, S.L, avec le CIF : B35379049.&nbsp; Si\u00e8ge social : C\/ La Butibamba 9, C.P. 29649, de La Cala de Mijas. T\u00e9l\u00e9phone : 952587580&nbsp; E-mail : recepcion@granhotelcostadelsol.com&nbsp; Ce site web, comme la plupart, utilise des Cookies. Vous trouverez ci-dessous des informations d\u00e9taill\u00e9es sur<a href=\"https:\/\/granhotelcostadelsol.com\/fr\/politica-de-cookies\/\">Continue reading <span class=\"sr-only\">\u00ab\u00a0Politique de Cookies et Stockage Local\u00a0\u00bb<\/span><\/a><\/p>\n","protected":false},"author":1,"featured_media":0,"parent":0,"menu_order":0,"comment_status":"closed","ping_status":"closed","template":"","meta":{"_acf_changed":false,"inline_featured_image":false,"_uag_custom_page_level_css":"","footnotes":""},"class_list":["post-1099","page","type-page","status-publish","hentry"],"acf":[],"uagb_featured_image_src":{"full":false,"thumbnail":false,"medium":false,"medium_large":false,"large":false,"1536x1536":false,"2048x2048":false},"uagb_author_info":{"display_name":"maria@nubeseo.es","author_link":"https:\/\/granhotelcostadelsol.com\/fr\/author\/marianubeseo-es\/"},"uagb_comment_info":0,"uagb_excerpt":"Informations sur le traitement : Le titulaire du pr\u00e9sent Site est Constructora Palmacana, S.L, avec le CIF : B35379049.&nbsp; Si\u00e8ge social : C\/ La Butibamba 9, C.P. 29649, de La Cala de Mijas. T\u00e9l\u00e9phone : 952587580&nbsp; E-mail : recepcion@granhotelcostadelsol.com&nbsp; Ce site web, comme la plupart, utilise des Cookies. Vous trouverez ci-dessous des informations d\u00e9taill\u00e9es surContinue\u2026","_links":{"self":[{"href":"https:\/\/granhotelcostadelsol.com\/fr\/wp-json\/wp\/v2\/pages\/1099","targetHints":{"allow":["GET"]}}],"collection":[{"href":"https:\/\/granhotelcostadelsol.com\/fr\/wp-json\/wp\/v2\/pages"}],"about":[{"href":"https:\/\/granhotelcostadelsol.com\/fr\/wp-json\/wp\/v2\/types\/page"}],"author":[{"embeddable":true,"href":"https:\/\/granhotelcostadelsol.com\/fr\/wp-json\/wp\/v2\/users\/1"}],"replies":[{"embeddable":true,"href":"https:\/\/granhotelcostadelsol.com\/fr\/wp-json\/wp\/v2\/comments?post=1099"}],"version-history":[{"count":4,"href":"https:\/\/granhotelcostadelsol.com\/fr\/wp-json\/wp\/v2\/pages\/1099\/revisions"}],"predecessor-version":[{"id":3806,"href":"https:\/\/granhotelcostadelsol.com\/fr\/wp-json\/wp\/v2\/pages\/1099\/revisions\/3806"}],"wp:attachment":[{"href":"https:\/\/granhotelcostadelsol.com\/fr\/wp-json\/wp\/v2\/media?parent=1099"}],"curies":[{"name":"wp","href":"https:\/\/api.w.org\/{rel}","templated":true}]}}