{"id":1107,"date":"2024-09-09T15:51:18","date_gmt":"2024-09-09T13:51:18","guid":{"rendered":"https:\/\/granhotelcostadelsol.nubedev.es\/offers-hotel-costa-del-sol-in-mijas-costa\/"},"modified":"2025-04-08T09:45:16","modified_gmt":"2025-04-08T07:45:16","slug":"offers-hotel-costa-del-sol-in-mijas-costa","status":"publish","type":"page","link":"https:\/\/granhotelcostadelsol.com\/en\/offers-hotel-costa-del-sol-in-mijas-costa\/","title":{"rendered":"Offers Hotel Costa del Sol in Mijas Costa"},"content":{"rendered":"\n<div class=\"wp-block-group alignfull is-style-section-full is-layout-flow wp-block-group-is-layout-flow\">\n<h2 class=\"wp-block-heading has-text-align-center is-style-heading-4 has-gh-dark-blue-color has-text-color has-link-color wp-elements-bb1d91aca024481a707c9695a29981c6\">Our <mark style=\"background-color:rgba(0, 0, 0, 0)\" class=\"has-inline-color has-gh-yellow-color\">Promotions<\/mark> at Gran Hotel Costa del Sol<\/h2>\n\n\n                <section class=\"max-w-screen-xl mx-auto p-8 lg:p-16 not-prose\">\n                    <div class=\"w-full\">\n                        <div class=\"grid grid-cols-1 md:grid-cols-2 gap-4 lg:gap-8\">\n                                                            <article class=\"rounded-lg shadow-lg bg-gh-dark-blue\">\n    <img decoding=\"async\" src=\"https:\/\/granhotelcostadelsol.com\/wp-content\/uploads\/2024\/11\/Oferta-Primavera-GHCS-800-x-450-px-1.jpg\" alt=\"10% off\" height=\"450\"\n        width=\"800\" class=\"w-full h-48 lg:h-80 object-cover rounded-t-sm\" \/>\n    <div class=\"flex flex-col items-center p-4 xl:p-8 text-center\">\n        <h3 class=\"text-white text-lg lg:text-2xl mb-2\">Spring offer: extra 10% OFF in all rates!<\/h3>\n        <div class=\"text-white prose prose-xs text-xs lg:prose-sm\"><p>Enjoy an<strong> EXTRA 10% DISCOUNT<\/strong> on all rates and get away to enjoy the sun, the beach and unforgettable moments with your family from 1 March to 31 May.<\/p>\n<p>Experience spring on the Costa del Sol with us!<\/p>\n<p><strong>Book now!<\/strong><\/p>\n<\/div>\n        <a href=\"https:\/\/booking.profitroom.com\/en\/granhotelcostadelsol\/home?currency=EUR&amp;no-cache=1\" class=\"gh-button-yellow mt-4 lg:mt-8\" target=\"_blank\" rel=\"noopener\">\n            Book this offer!        <\/a>\n    <\/div>\n<\/article>                                                            <article class=\"rounded-lg shadow-lg bg-gh-dark-blue\">\n    <img decoding=\"async\" src=\"https:\/\/granhotelcostadelsol.com\/wp-content\/uploads\/2024\/10\/todo-incluido.redimensionado.webp\" alt=\"todo incluido hotel\" height=\"577\"\n        width=\"1024\" class=\"w-full h-48 lg:h-80 object-cover rounded-t-sm\" \/>\n    <div class=\"flex flex-col items-center p-4 xl:p-8 text-center\">\n        <h3 class=\"text-white text-lg lg:text-2xl mb-2\">Non-refundable all-inclusive offer<\/h3>\n        <div class=\"text-white prose prose-xs text-xs lg:prose-sm\"><p><span style=\"font-weight: 400;\">Don&#8217;t worry anymore! Our All Inclusive is for you.  <\/span><\/p>\n<p><span style=\"font-weight: 400;\">Book now our best price and enjoy All Inclusive without worries. Live your best vacations on the beachfront of the Costa del Sol.   <\/span><\/p>\n<\/div>\n        <a href=\"https:\/\/booking.profitroom.com\/en\/granhotelcostadelsol\/details\/offer\/594645?no-cache=1\u00a4cy=EUR\" class=\"gh-button-yellow mt-4 lg:mt-8\" target=\"_blank\" rel=\"noopener\">\n            Book this offer!        <\/a>\n    <\/div>\n<\/article>                                                            <article class=\"rounded-lg shadow-lg bg-gh-dark-blue\">\n    <img decoding=\"async\" src=\"https:\/\/granhotelcostadelsol.com\/wp-content\/uploads\/2024\/10\/larga-estancia.redimensionado.webp\" alt=\"\" height=\"683\"\n        width=\"1024\" class=\"w-full h-48 lg:h-80 object-cover rounded-t-sm\" \/>\n    <div class=\"flex flex-col items-center p-4 xl:p-8 text-center\">\n        <h3 class=\"text-white text-lg lg:text-2xl mb-2\">Long Stay Rate<\/h3>\n        <div class=\"text-white prose prose-xs text-xs lg:prose-sm\"><p><b>Our best price for you to stay more nights with us.<\/b><\/p>\n<p><span style=\"font-weight: 400;\">Come for 7 or more nights and we offer you a special discount. We love you to stay longer with us. Rate with breakfast and dinner included. <\/span><\/p>\n<\/div>\n        <a href=\"https:\/\/booking.profitroom.com\/en\/granhotelcostadelsol\/details\/offer\/594651?no-cache=1&amp;currency=EUR\" class=\"gh-button-yellow mt-4 lg:mt-8\" target=\"_blank\" rel=\"noopener\">\n            Book this offer!        <\/a>\n    <\/div>\n<\/article>                                                            <article class=\"rounded-lg shadow-lg bg-gh-dark-blue\">\n    <img decoding=\"async\" src=\"https:\/\/granhotelcostadelsol.com\/wp-content\/uploads\/2024\/10\/flexible-desayuno.redimensionado.webp\" alt=\"\" height=\"577\"\n        width=\"1024\" class=\"w-full h-48 lg:h-80 object-cover rounded-t-sm\" \/>\n    <div class=\"flex flex-col items-center p-4 xl:p-8 text-center\">\n        <h3 class=\"text-white text-lg lg:text-2xl mb-2\">Flexible rate with breakfast<\/h3>\n        <div class=\"text-white prose prose-xs text-xs lg:prose-sm\"><p><span style=\"font-weight: 400;\">Book now our best price with breakfast included and free cancellation!<\/span><\/p>\n<p><b>Best Price Guarantee<\/b><\/p>\n<\/div>\n        <a href=\"https:\/\/booking.profitroom.com\/en\/granhotelcostadelsol\/details\/offer\/590243?no-cache=1&amp;currency=EUR\" class=\"gh-button-yellow mt-4 lg:mt-8\" target=\"_blank\" rel=\"noopener\">\n            Book this offer!        <\/a>\n    <\/div>\n<\/article>                                                    <\/div>\n                    <\/div>\n                <\/section>\n            \n\n\n\n<div class=\"wp-block-group is-layout-constrained wp-block-group-is-layout-constrained\">\n<p class=\"has-text-align-center is-style-general-text has-medium-font-size\">Offres d&#8217;h\u00f4tels \u00e0 Mijas Costa (Costa del Sol) <a href=\"https:\/\/granhotelcostadelsol.com\/en\/\">Gran Hotel Costa del Sol<\/a>, avec une vue unique sur la plage en raison de son emplacement. <strong>Profitez de nos promotions et offres de derni\u00e8re minute<\/strong>. Des offres tout compris aux r\u00e9ductions exclusives pour r\u00e9server avec nous.  <\/p>\n<\/div>\n\n\n\n<div style=\"height:24px\" aria-hidden=\"true\" class=\"wp-block-spacer\"><\/div>\n\n\n\n<div class=\"wp-block-buttons is-content-justification-center is-layout-flex wp-container-core-buttons-is-layout-16018d1d wp-block-buttons-is-layout-flex\">\n<div class=\"wp-block-button is-style-primary-outline button-offer\"><a class=\"wp-block-button__link has-text-align-center wp-element-button\">SEE OFFERS FROM GRAN HOTEL COSTA DEL SOL<\/a><\/div>\n<\/div>\n\n\n\n<div style=\"height:24px\" aria-hidden=\"true\" class=\"wp-block-spacer\"><\/div>\n<\/div>\n\n\n\n<div class=\"wp-block-group alignfull is-style-section-full is-layout-constrained wp-block-group-is-layout-constrained\">\n<div class=\"wp-block-group is-style-section-container is-layout-constrained wp-block-group-is-layout-constrained\">\n<h2 class=\"wp-block-heading has-text-align-center is-style-heading-4 has-gh-dark-blue-color has-text-color has-link-color wp-elements-093e9829ca1a3adcf6500c26fbeac230\">Hotel <mark style=\"background-color:rgba(0, 0, 0, 0)\" class=\"has-inline-color has-gh-yellow-color\">offers<\/mark> in Cala Mijas<\/h2>\n\n\n\n<p class=\"has-text-align-center is-style-general-text has-medium-font-size\">Find the cheapest price, with our promotions, from our official website.\nDo not miss the opportunity to enjoy the beaches of La Cala de Mijas at the best price. <\/p>\n\n\n\n<p class=\"has-text-align-center is-style-general-text has-medium-font-size\">At our 4-star<a href=\"https:\/\/granhotelcostadelsol.com\/en\/4-star-hotel-in-mijas-costa\/\"><strong><mark style=\"background-color:rgba(0, 0, 0, 0)\" class=\"has-inline-color has-gh-dark-blue-color\"> hotel in La Cala de Mijas<\/mark><\/strong><\/a>, we offer you a selection of exclusive offers so that you can enjoy the <a href=\"https:\/\/granhotelcostadelsol.com\/en\/blog-about-the-costa-del-sol\/\">Costa del Sol<\/a> at the best price. Whether you are planning your holiday in advance or looking for a last-minute promotion, we have the perfect option for you. <\/p>\n\n\n\n<div style=\"height:24px\" aria-hidden=\"true\" class=\"wp-block-spacer\"><\/div>\n<\/div>\n<\/div>\n\n\n\n<div class=\"wp-block-group alignfull is-style-section-full is-layout-constrained wp-block-group-is-layout-constrained\">\n<figure class=\"wp-block-image size-large\"><img decoding=\"async\" width=\"1024\" height=\"72\" src=\"https:\/\/granhotelcostadelsol.com\/wp-content\/uploads\/2024\/09\/separator-yellow-1024x72.png\" alt=\"separador amarillo\" class=\"wp-image-851\" srcset=\"https:\/\/granhotelcostadelsol.com\/wp-content\/uploads\/2024\/09\/separator-yellow-1024x72.png 1024w, https:\/\/granhotelcostadelsol.com\/wp-content\/uploads\/2024\/09\/separator-yellow-300x21.png 300w, https:\/\/granhotelcostadelsol.com\/wp-content\/uploads\/2024\/09\/separator-yellow-768x54.png 768w, https:\/\/granhotelcostadelsol.com\/wp-content\/uploads\/2024\/09\/separator-yellow.png 1478w\" sizes=\"(max-width: 1024px) 100vw, 1024px\" \/><\/figure>\n<\/div>\n\n\n\n<div class=\"wp-block-group alignfull is-style-section-full is-layout-constrained wp-block-group-is-layout-constrained\">\n<div class=\"wp-block-group is-style-section-container is-layout-constrained wp-block-group-is-layout-constrained\">\n<h3 class=\"wp-block-heading has-text-align-center is-style-heading-4 has-gh-dark-blue-color has-text-color has-link-color has-large-font-size wp-elements-2a1001defe073d8a599fc7728834f9c9\">Last minute all-inclusive promotion on the Costa del Sol<\/h3>\n\n\n\n<p class=\"has-text-align-center is-style-general-text has-medium-font-size\">Enjoy a complete experience with our <a href=\"https:\/\/granhotelcostadelsol.com\/en\/all-inclusive-hotel-on-the-costa-del-sol\/\"><mark style=\"background-color:rgba(0, 0, 0, 0)\" class=\"has-inline-color has-gh-yellow-color\"><strong>all-inclusive hotel offers on the Costa del Sol.<\/strong><\/mark><\/a> Relax knowing that everything is covered: from gastronomy to activities. With our promotions, you will have access to many of the services and amenities that our hotel has to offer.  <\/p>\n\n\n\n<div style=\"height:24px\" aria-hidden=\"true\" class=\"wp-block-spacer\"><\/div>\n<\/div>\n<\/div>\n\n\n\n<div class=\"wp-block-group alignfull is-layout-constrained wp-block-group-is-layout-constrained\">\n<div style=\"height:24px\" aria-hidden=\"true\" class=\"wp-block-spacer\"><\/div>\n\n\n\n<div class=\"wp-block-buttons alignfull is-content-justification-center is-layout-flex wp-container-core-buttons-is-layout-16018d1d wp-block-buttons-is-layout-flex\">\n<div class=\"wp-block-button is-style-primary-outline booking-button\"><a class=\"wp-block-button__link wp-element-button\">BOOK AT GRAN HOTEL COSTA DEL SOL<\/a><\/div>\n<\/div>\n\n\n\n<div style=\"height:24px\" aria-hidden=\"true\" class=\"wp-block-spacer\"><\/div>\n<\/div>\n\n\n\n<div class=\"wp-block-uagb-image aligncenter uagb-block-12ddf7b6 wp-block-uagb-image--layout-default wp-block-uagb-image--effect-static wp-block-uagb-image--align-center\"><figure class=\"wp-block-uagb-image__figure\"><img decoding=\"async\" srcset=\"https:\/\/granhotelcostadelsol.com\/wp-content\/uploads\/2024\/09\/Home-Hero.jpg ,https:\/\/granhotelcostadelsol.nubedev.es\/wp-content\/uploads\/2024\/09\/Home-Hero.jpg 780w, https:\/\/granhotelcostadelsol.nubedev.es\/wp-content\/uploads\/2024\/09\/Home-Hero.jpg 360w\" sizes=\"auto, (max-width: 480px) 150px\" src=\"https:\/\/granhotelcostadelsol.com\/wp-content\/uploads\/2024\/09\/Home-Hero.jpg\" alt=\"Gran Hotel Costa del Sol exterior\" class=\"uag-image-33\" width=\"1024\" height=\"474\" title=\"zona exterior Gran Hotel Costa del Sol\" loading=\"lazy\" role=\"img\"\/><\/figure><\/div>\n\n\n\n<div class=\"wp-block-group alignfull is-style-section-full is-layout-constrained wp-block-group-is-layout-constrained\">\n<div class=\"wp-block-group is-style-section-container is-layout-constrained wp-block-group-is-layout-constrained\">\n<h2 class=\"wp-block-heading has-text-align-center is-style-heading-4 has-gh-dark-blue-color has-text-color has-link-color wp-elements-f3d7eec693b7064ca4edb6be4ae4bff4\">Book your hotel in Mijas<\/h2>\n\n\n\n<p class=\"has-text-align-center is-style-general-text has-medium-font-size\">Planning a last minute getaway?\nCheck out our last minute <strong>Costa del Sol hotel deals <\/strong>.\nWe have special discounts for those looking for a quick getaway without sacrificing quality.\nBook today and enjoy an unforgettable stay in our exclusive location.   <\/p>\n\n\n\n<p class=\"has-text-align-center is-style-general-text has-medium-font-size\"><strong>Book now and enjoy a perfect vacation on the Costa del Sol!<\/strong><\/p>\n\n\n\n<div style=\"height:24px\" aria-hidden=\"true\" class=\"wp-block-spacer\"><\/div>\n<\/div>\n<\/div>\n","protected":false},"excerpt":{"rendered":"<p>Our Promotions at Gran Hotel Costa del Sol Offres d&#8217;h\u00f4tels \u00e0 Mijas Costa (Costa del Sol) Gran Hotel Costa del Sol, avec une vue unique sur la plage en raison de son emplacement. Profitez de nos promotions et offres de derni\u00e8re minute. Des offres tout compris aux r\u00e9ductions exclusives pour r\u00e9server avec nous. Hotel offers<a href=\"https:\/\/granhotelcostadelsol.com\/en\/ns_simple_offers\/flexible-rate-with-breakfast\/\">Continue reading <span class=\"sr-only\">&#8220;Flexible rate with breakfast&#8221;<\/span><\/a><\/p>\n","protected":false},"author":1,"featured_media":0,"parent":0,"menu_order":0,"comment_status":"closed","ping_status":"closed","template":"","meta":{"_acf_changed":false,"inline_featured_image":false,"_uag_custom_page_level_css":"","footnotes":""},"class_list":["post-1107","page","type-page","status-publish","hentry"],"acf":[],"uagb_featured_image_src":{"full":false,"thumbnail":false,"medium":false,"medium_large":false,"large":false,"1536x1536":false,"2048x2048":false},"uagb_author_info":{"display_name":"maria@nubeseo.es","author_link":"https:\/\/granhotelcostadelsol.com\/en\/author\/marianubeseo-es\/"},"uagb_comment_info":0,"uagb_excerpt":"Our Promotions at Gran Hotel Costa del Sol Offres d&#8217;h\u00f4tels \u00e0 Mijas Costa (Costa del Sol) Gran Hotel Costa del Sol, avec une vue unique sur la plage en raison de son emplacement. Profitez de nos promotions et offres de derni\u00e8re minute. Des offres tout compris aux r\u00e9ductions exclusives pour r\u00e9server avec nous. Hotel offersContinue&hellip;","_links":{"self":[{"href":"https:\/\/granhotelcostadelsol.com\/en\/wp-json\/wp\/v2\/pages\/1107","targetHints":{"allow":["GET"]}}],"collection":[{"href":"https:\/\/granhotelcostadelsol.com\/en\/wp-json\/wp\/v2\/pages"}],"about":[{"href":"https:\/\/granhotelcostadelsol.com\/en\/wp-json\/wp\/v2\/types\/page"}],"author":[{"embeddable":true,"href":"https:\/\/granhotelcostadelsol.com\/en\/wp-json\/wp\/v2\/users\/1"}],"replies":[{"embeddable":true,"href":"https:\/\/granhotelcostadelsol.com\/en\/wp-json\/wp\/v2\/comments?post=1107"}],"version-history":[{"count":5,"href":"https:\/\/granhotelcostadelsol.com\/en\/wp-json\/wp\/v2\/pages\/1107\/revisions"}],"predecessor-version":[{"id":2778,"href":"https:\/\/granhotelcostadelsol.com\/en\/wp-json\/wp\/v2\/pages\/1107\/revisions\/2778"}],"wp:attachment":[{"href":"https:\/\/granhotelcostadelsol.com\/en\/wp-json\/wp\/v2\/media?parent=1107"}],"curies":[{"name":"wp","href":"https:\/\/api.w.org\/{rel}","templated":true}]}}